{"id":1382,"date":"2026-03-24T12:06:35","date_gmt":"2026-03-24T12:06:35","guid":{"rendered":"https:\/\/www.1pmdaily.com\/?page_id=1382"},"modified":"2026-03-24T12:39:04","modified_gmt":"2026-03-24T12:39:04","slug":"privacy-policy","status":"publish","type":"page","link":"https:\/\/www.1pmdaily.com\/de\/privacy-policy","title":{"rendered":"Datenschutzrichtlinie"},"content":{"rendered":"<p><strong>G\u00fcltigkeitsdatum:<\/strong> 24. M\u00e4rz 2026<\/p>\n\n<p>Diese Datenschutzrichtlinie erkl\u00e4rt, wie <strong>T\u00e4glich um 13:00 Uhr<\/strong> (\u201c1PM Daily\u201d, \u201cwir\u201d, \u201cuns\u201d oder \u201cunser\u201d) sammelt, verwendet und teilt Informationen, wenn Sie uns besuchen <a href=\"https:\/\/www.1pmdaily.com\/de\/\">https:\/\/www.1pmdaily.com\/<\/a> (die \u201cWebsite\u201d).<\/p>\n\n<p>1PM Daily ist eine kostenlose Nachrichten- und Bildungswebsite. F\u00fcr den Zugriff auf unsere Inhalte ist kein kostenpflichtiges Abonnement erforderlich, und Besucher m\u00fcssen kein Konto erstellen, um die Website zu nutzen.<\/p>\n\n<h2 id=\"summary\"><span class=\"ez-toc-section\" id=\"Key_points_plain-English_summary\"><\/span>Wichtigste Punkte (Zusammenfassung in einfacher Sprache)<span class=\"ez-toc-section-end\"><\/span><\/h2>\n<ul>\n  <li>F\u00fcr das Lesen unserer Inhalte ist kein Benutzerkonto erforderlich, und wir erfassen auf der Website keine Zahlungs- oder Kreditkarteninformationen.<\/li>\n  <li>Wir erfassen automatisch nur begrenzte Informationen (wie Ger\u00e4te- und Nutzungsdaten), um die Website zu betreiben und zu verstehen, wie sie genutzt wird.<\/li>\n  <li>Wir verwenden Google Analytics, um die Leistung der Website und die Nutzungsmuster zu messen.<\/li>\n  <li>Wenn Sie uns per E-Mail kontaktieren, erhalten wir die von Ihnen \u00fcbermittelten Informationen.<\/li>\n  <li>Wir erfassen wissentlich keine personenbezogenen Daten von Kindern unter 13 Jahren.<\/li>\n<\/ul>\n\n<h2 id=\"information-we-collect\"><span class=\"ez-toc-section\" id=\"Information_we_collect\"><\/span>Informationen, die wir sammeln<span class=\"ez-toc-section-end\"><\/span><\/h2>\n\n<h3 id=\"info-you-provide\"><span class=\"ez-toc-section\" id=\"Information_you_provide_to_us\"><\/span>Informationen, die Sie uns zur Verf\u00fcgung stellen<span class=\"ez-toc-section-end\"><\/span><\/h3>\n<p>Sie k\u00f6nnen die Website auch ohne Registrierung lesen. In bestimmten F\u00e4llen k\u00f6nnen Sie uns jedoch freiwillig Informationen mitteilen, beispielsweise wenn Sie:<\/p>\n<ul>\n  <li>Schreiben Sie uns eine E-Mail oder kontaktieren Sie uns auf anderem Wege (zum Beispiel, um eine Korrektur anzufordern, ein technisches Problem zu melden oder eine Frage zu stellen).<\/li>\n  <li>Senden Sie einen Tipp, ein Dokument oder eine Anfrage an unsere Redaktion.<\/li>\n<\/ul>\n\n<p>Wenn Sie uns kontaktieren, erhalten wir m\u00f6glicherweise die von Ihnen in Ihrer Nachricht angegebenen Informationen (z. B. Ihre E-Mail-Adresse und den Inhalt Ihrer Nachricht). Wir verwenden diese Informationen, um Ihnen zu antworten und die Kommunikation ordnungsgem\u00e4\u00df zu dokumentieren.<\/p>\n\n<h3 id=\"info-collected-automatically\"><span class=\"ez-toc-section\" id=\"Information_collected_automatically\"><\/span>Automatisch erfasste Informationen<span class=\"ez-toc-section-end\"><\/span><\/h3>\n<p>Wenn Sie die Website besuchen, k\u00f6nnen wir (und unsere Dienstleister) automatisch bestimmte Informationen \u00fcber Ihr Ger\u00e4t und Ihre Nutzung der Website erfassen, wie zum Beispiel:<\/p>\n<ul>\n  <li>Ger\u00e4te- und Browserinformationen (z. B. Browsertyp, Betriebssystem und allgemeine Ger\u00e4tekennungen).<\/li>\n  <li>Ungef\u00e4hrer Standort, abgeleitet aus technischen Signalen (z. B. Standort auf L\u00e4nder-\/Regionsebene).<\/li>\n  <li>Nutzungsinformationen (z. B. aufgerufene Seiten, Verweildauer, verweisende\/verlassende Seiten und Interaktionen mit den Inhalten der Website).<\/li>\n  <li>Protokolldaten, die von Webservern und Sicherheitssystemen erfasst werden (z. B. IP-Adresse, Zeitstempel der Anfragen, Referrer-URLs und Fehlerprotokolle).<\/li>\n<\/ul>\n\n<p>Wir nutzen diese Informationen, um die Sicherheit und den zuverl\u00e4ssigen Betrieb der Website zu gew\u00e4hrleisten und zu verstehen, welche Inhalte f\u00fcr die Leser hilfreich sind.<\/p>\n\n<h2 id=\"analytics\"><span class=\"ez-toc-section\" id=\"Analytics_Google_Analytics\"><\/span>Analyse (Google Analytics)<span class=\"ez-toc-section-end\"><\/span><\/h2>\n<p>Wir verwenden <strong>Google Analytics<\/strong> Um zu verstehen, wie Besucher die Website nutzen und um die Website-Performance zu messen, verwendet Google Analytics aggregierte Berichte zu Traffic-Trends, Seitenpopularit\u00e4t und dem Navigationsverhalten der Leser.<\/p>\n\n<p>Google Analytics ist auf unserer Website implementiert. <strong>Site Kit von Google<\/strong> Plugin f\u00fcr WordPress.<\/p>\n\n<p>Google Analytics verwendet Cookies und \u00e4hnliche Technologien, um Nutzungsdaten zu erfassen und Berichte zu erstellen. Wir versuchen nicht, mithilfe von Google Analytics personenbezogene Daten (wie Namen, Ausweisdaten oder Zahlungsdetails) zu erfassen. Bitte \u00fcbermitteln Sie uns keine sensiblen personenbezogenen Daten \u00fcber offene Textfelder oder per E-Mail.<\/p>\n\n<p>Weitere Informationen dar\u00fcber, wie Google Analytics Daten erfasst und verarbeitet, finden Sie in der Dokumentation und den Richtlinien von Google. Sie k\u00f6nnen au\u00dferdem Browsereinstellungen und verf\u00fcgbare Tools verwenden, um die Messung durch Analytics einzuschr\u00e4nken oder zu deaktivieren.<\/p>\n\n<h2 id=\"how-we-use-information\"><span class=\"ez-toc-section\" id=\"How_we_use_information\"><\/span>Wie wir Informationen nutzen<span class=\"ez-toc-section-end\"><\/span><\/h2>\n<p>Wir verwenden die von uns gesammelten Informationen, um:<\/p>\n<ul>\n  <li>Bereitstellung und Pflege der Website und ihrer Inhalte.<\/li>\n  <li>\u00dcberwachung und Verbesserung der Website-Performance, Zuverl\u00e4ssigkeit und Benutzerfreundlichkeit.<\/li>\n  <li>Die Sicherheit und Integrit\u00e4t der Website sch\u00fctzen, Missbrauch aufdecken und Betrug verhindern.<\/li>\n  <li>Beantwortung von redaktionellen Anfragen, Supportanfragen und Datenschutzanfragen.<\/li>\n  <li>Rechtliche Verpflichtungen einhalten und unsere Richtlinien durchsetzen.<\/li>\n<\/ul>\n\n<h2 id=\"how-we-share-information\"><span class=\"ez-toc-section\" id=\"How_we_share_information\"><\/span>Wie wir Informationen austauschen<span class=\"ez-toc-section-end\"><\/span><\/h2>\n<p>Wir verkaufen keine personenbezogenen Daten als Gesch\u00e4ftsmodell. Wir geben Daten nur in begrenzten F\u00e4llen weiter, beispielsweise:<\/p>\n\n<ul>\n  <li><strong>Dienstleister:<\/strong> Wir nutzen Dienstleister zur Unterst\u00fctzung der Website (z. B. Webhosting, Sicherheitsdienste und Analysedienste wie Google Analytics). Diese Dienstleister verarbeiten in unserem Auftrag Informationen, um ihre Dienste zu erbringen.<\/li>\n  <li><strong>Aus rechtlichen und Sicherheitsgr\u00fcnden:<\/strong> Wir k\u00f6nnen Informationen offenlegen, wenn wir dies f\u00fcr notwendig halten, um geltendes Recht einzuhalten, auf rechtm\u00e4\u00dfige Anfragen zu reagieren, unsere Rechte zu sch\u00fctzen, Nutzer zu sch\u00fctzen oder Betrugs- oder Sicherheitsprobleme zu untersuchen.<\/li>\n  <li><strong>Unternehmensver\u00e4nderungen:<\/strong> Im Falle einer Unternehmens\u00e4nderung (z. B. Umstrukturierung, \u00dcbernahme oder Verm\u00f6gens\u00fcbertragung) k\u00f6nnen Informationen im Rahmen dieses Prozesses gem\u00e4\u00df den geltenden Gesetzen \u00fcbertragen werden.<\/li>\n<\/ul>\n\n<h2 id=\"data-retention\"><span class=\"ez-toc-section\" id=\"Data_retention\"><\/span>Datenaufbewahrung<span class=\"ez-toc-section-end\"><\/span><\/h2>\n<p>Wir speichern Informationen nur so lange, wie es f\u00fcr die in dieser Datenschutzerkl\u00e4rung beschriebenen Zwecke, einschlie\u00dflich Sicherheit, betrieblicher Erfordernisse und Einhaltung gesetzlicher Bestimmungen, erforderlich ist. Die Speicherdauer kann je nach Datentyp und Speicherort variieren (z. B. Serverprotokolle, E-Mail-Kommunikation oder Analyseberichte).<\/p>\n\n<h2 id=\"your-choices\"><span class=\"ez-toc-section\" id=\"Your_choices\"><\/span>Ihre Auswahlm\u00f6glichkeiten<span class=\"ez-toc-section-end\"><\/span><\/h2>\n<p>Sie k\u00f6nnen die Datenerfassung in der Regel \u00fcber Ihre Browser- oder Ger\u00e4teeinstellungen steuern (z. B. Cookies blockieren oder l\u00f6schen, Tracking einschr\u00e4nken oder datenschutzorientierte Browsereinstellungen verwenden). Sie k\u00f6nnen uns auch nicht per E-Mail kontaktieren, wenn Sie keine Informationen direkt mit uns teilen m\u00f6chten.<\/p>\n\n<h2 id=\"your-rights\"><span class=\"ez-toc-section\" id=\"Your_privacy_rights\"><\/span>Ihre Datenschutzrechte<span class=\"ez-toc-section-end\"><\/span><\/h2>\n<p>Je nach Ihrem Wohnort haben Sie m\u00f6glicherweise Rechte in Bezug auf Ihre personenbezogenen Daten, wie beispielsweise das Recht auf Auskunft, Berichtigung, L\u00f6schung oder Information \u00fcber unsere Datenverarbeitung. Wir werden verifizierte Anfragen gem\u00e4\u00df geltendem Recht pr\u00fcfen und beantworten.<\/p>\n\n<p>Um eine Datenschutzanfrage zu stellen, kontaktieren Sie uns unter <a href=\"mailto:privacy@1pmdaily.com\">privacy@1pmdaily.com<\/a>.<\/p>\n\n<h2 id=\"third-party-links\"><span class=\"ez-toc-section\" id=\"Third-party_links_and_embedded_content\"><\/span>Links zu Drittanbietern und eingebettete Inhalte<span class=\"ez-toc-section-end\"><\/span><\/h2>\n<p>Die Website kann Links zu Websites oder Diensten Dritter (z. B. Institutionen, die Prim\u00e4rquellen bereitstellen, oder Nachschlagewerke) enthalten. Wenn Sie einem Link zu einer Website eines Drittanbieters folgen, gelten dessen Datenschutzbestimmungen. Wir empfehlen Ihnen, die Datenschutzrichtlinien von Drittanbietern zu lesen, wenn Sie externe Websites besuchen.<\/p>\n\n<h2 id=\"advertising\"><span class=\"ez-toc-section\" id=\"Advertising_and_sponsored_content\"><\/span>Werbung und gesponserte Inhalte<span class=\"ez-toc-section-end\"><\/span><\/h2>\n<p>Wir schalten m\u00f6glicherweise Werbung oder gesponserte Inhalte. Wenn wir gesponserte oder bezahlte Inhalte ver\u00f6ffentlichen, kennzeichnen wir diese deutlich. Drittanbieter-Werbepartner (sofern vorhanden) k\u00f6nnen im Zusammenhang mit der Anzeigenauslieferung und -messung Informationen erfassen.<\/p>\n\n<p>Informationen zu Cookies und \u00e4hnlichen Technologien, die auf der Website verwendet werden, finden Sie in unserer Cookie-Richtlinie: <a href=\"https:\/\/www.1pmdaily.com\/de\/cookie-policy\/\">https:\/\/www.1pmdaily.com\/cookie-policy<\/a>.<\/p>\n\n<h2 id=\"security\"><span class=\"ez-toc-section\" id=\"Security\"><\/span>Sicherheit<span class=\"ez-toc-section-end\"><\/span><\/h2>\n<p>Wir setzen angemessene Sicherheitsvorkehrungen ein, um die Website und die von uns verarbeiteten Informationen zu sch\u00fctzen. Keine Website kann jedoch absolute Sicherheit garantieren, und die Nutzung der Website erfolgt auf eigenes Risiko.<\/p>\n\n<h2 id=\"international\"><span class=\"ez-toc-section\" id=\"International_visitors\"><\/span>Internationale Besucher<span class=\"ez-toc-section-end\"><\/span><\/h2>\n<p>Wenn Sie von au\u00dferhalb der Vereinigten Staaten auf die Website zugreifen, k\u00f6nnen Ihre Daten in L\u00e4ndern verarbeitet werden, deren Datenschutzgesetze von denen Ihres Wohnsitzlandes abweichen. Wir ergreifen Ma\u00dfnahmen zum Schutz Ihrer Daten gem\u00e4\u00df dieser Datenschutzrichtlinie und geltendem Recht.<\/p>\n\n<h2 id=\"children\"><span class=\"ez-toc-section\" id=\"Childrens_privacy\"><\/span>Datenschutz f\u00fcr Kinder<span class=\"ez-toc-section-end\"><\/span><\/h2>\n<p>Diese Website richtet sich nicht an Kinder unter 13 Jahren, und wir erfassen wissentlich keine personenbezogenen Daten von Kindern unter 13 Jahren. Sollten Sie der Ansicht sein, dass ein Kind unter 13 Jahren uns personenbezogene Daten \u00fcbermittelt hat, kontaktieren Sie uns bitte, damit wir entsprechende Ma\u00dfnahmen ergreifen k\u00f6nnen.<\/p>\n\n<h2 id=\"changes\"><span class=\"ez-toc-section\" id=\"Changes_to_this_Privacy_Policy\"><\/span>\u00c4nderungen dieser Datenschutzrichtlinie<span class=\"ez-toc-section-end\"><\/span><\/h2>\n<p>Wir k\u00f6nnen diese Datenschutzrichtlinie von Zeit zu Zeit aktualisieren. In diesem Fall werden wir das Datum des Inkrafttretens oben auf dieser Seite anpassen. Bei wesentlichen \u00c4nderungen werden wir gegebenenfalls zus\u00e4tzliche Ma\u00dfnahmen ergreifen, um Sie gem\u00e4\u00df den gesetzlichen Bestimmungen zu benachrichtigen.<\/p>\n\n<h2 id=\"contact\"><span class=\"ez-toc-section\" id=\"Contact_us\"><\/span>Kontaktieren Sie uns<span class=\"ez-toc-section-end\"><\/span><\/h2>\n<p><strong>Datenschutzbeauftragter:<\/strong> <a href=\"mailto:privacy@1pmdaily.com\">privacy@1pmdaily.com<\/a><br>\n<strong>Allgemeine Kontaktinformationen:<\/strong> <a href=\"mailto:hello@1pmdaily.com\">hello@1pmdaily.com<\/a><\/p>\n\n<p><strong>Postanschrift:<\/strong><br>\n1PM Daily Media LLC<br>\nPostfach 1934<br>\nCambridge, MA 02139<br>\nVereinigte Staaten\n<\/p>","protected":false},"excerpt":{"rendered":"<p>G\u00fcltig ab: 24. M\u00e4rz 2026. Diese Datenschutzrichtlinie erl\u00e4utert, wie 1PM Daily (\u201c1PM Daily\u201d, \u201cwir\u201d, \u201cuns\u201d oder \u201cunser\u201d) Informationen erfasst, verwendet und weitergibt, wenn Sie https:\/\/www.1pmdaily.com\/ (die \u201cWebsite\u201d) besuchen. 1PM Daily ist ein kostenloser Nachrichtendienst \u2026 <a title=\"Datenschutzrichtlinie\" class=\"read-more\" href=\"https:\/\/www.1pmdaily.com\/de\/privacy-policy\" aria-label=\"Weitere Informationen zur Datenschutzerkl\u00e4rung\">Mehr lesen<\/a><\/p>","protected":false},"author":1,"featured_media":0,"parent":0,"menu_order":0,"comment_status":"closed","ping_status":"closed","template":"","meta":{"footnotes":""},"class_list":{"0":"post-1382","1":"page","2":"type-page","3":"status-publish","5":"infinite-scroll-item"},"yoast_head":"<!-- This site is optimized with the Yoast SEO Premium plugin v27.1 (Yoast SEO v27.1.1) - https:\/\/yoast.com\/product\/yoast-seo-premium-wordpress\/ -->\n<title>Privacy Policy - 1pmdaily.com<\/title>\n<meta name=\"robots\" content=\"index, follow, max-snippet:-1, max-image-preview:large, max-video-preview:-1\" \/>\n<link rel=\"canonical\" href=\"https:\/\/www.1pmdaily.com\/de\/privacy-policy\/\" \/>\n<meta property=\"og:locale\" content=\"de_DE\" \/>\n<meta property=\"og:type\" content=\"article\" \/>\n<meta property=\"og:title\" content=\"Privacy Policy\" \/>\n<meta property=\"og:description\" content=\"Effective date: March 24, 2026 This Privacy Policy explains how 1PM Daily (\u201c1PM Daily,\u201d \u201cwe,\u201d \u201cus,\u201d or \u201cour\u201d) collects, uses, and shares information when you visit https:\/\/www.1pmdaily.com\/ (the \u201cSite\u201d). 1PM Daily is a free-access news ... Read more\" \/>\n<meta property=\"og:url\" content=\"https:\/\/www.1pmdaily.com\/de\/privacy-policy\/\" \/>\n<meta property=\"og:site_name\" content=\"1pmdaily.com\" \/>\n<meta property=\"article:modified_time\" content=\"2026-03-24T12:39:04+00:00\" \/>\n<meta property=\"og:image\" content=\"https:\/\/www.1pmdaily.com\/wp-content\/uploads\/2026\/03\/erika-fletcher-MZxqc6n9qCw-unsplash.jpg\" \/>\n\t<meta property=\"og:image:width\" content=\"1920\" \/>\n\t<meta property=\"og:image:height\" content=\"1282\" \/>\n\t<meta property=\"og:image:type\" content=\"image\/jpeg\" \/>\n<meta name=\"twitter:card\" content=\"summary_large_image\" \/>\n<meta name=\"twitter:label1\" content=\"Gesch\u00e4tzte Lesezeit\" \/>\n\t<meta name=\"twitter:data1\" content=\"5\u00a0Minuten\" \/>\n<script type=\"application\/ld+json\" class=\"yoast-schema-graph\">{\"@context\":\"https:\/\/schema.org\",\"@graph\":[{\"@type\":\"WebPage\",\"@id\":\"https:\/\/www.1pmdaily.com\/privacy-policy\",\"url\":\"https:\/\/www.1pmdaily.com\/privacy-policy\",\"name\":\"Privacy Policy - 1pmdaily.com\",\"isPartOf\":{\"@id\":\"https:\/\/www.1pmdaily.com\/#website\"},\"datePublished\":\"2026-03-24T12:06:35+00:00\",\"dateModified\":\"2026-03-24T12:39:04+00:00\",\"breadcrumb\":{\"@id\":\"https:\/\/www.1pmdaily.com\/privacy-policy#breadcrumb\"},\"inLanguage\":\"de\",\"potentialAction\":[{\"@type\":\"ReadAction\",\"target\":[\"https:\/\/www.1pmdaily.com\/privacy-policy\"]}]},{\"@type\":\"BreadcrumbList\",\"@id\":\"https:\/\/www.1pmdaily.com\/privacy-policy#breadcrumb\",\"itemListElement\":[{\"@type\":\"ListItem\",\"position\":1,\"name\":\"Home\",\"item\":\"https:\/\/www.1pmdaily.com\/\"},{\"@type\":\"ListItem\",\"position\":2,\"name\":\"Privacy Policy\"}]},{\"@type\":\"WebSite\",\"@id\":\"https:\/\/www.1pmdaily.com\/#website\",\"url\":\"https:\/\/www.1pmdaily.com\/\",\"name\":\"1pmdaily.com\",\"description\":\"Daily dose of premed info, only at 1 pm.\",\"publisher\":{\"@id\":\"https:\/\/www.1pmdaily.com\/#organization\"},\"potentialAction\":[{\"@type\":\"SearchAction\",\"target\":{\"@type\":\"EntryPoint\",\"urlTemplate\":\"https:\/\/www.1pmdaily.com\/?s={search_term_string}\"},\"query-input\":{\"@type\":\"PropertyValueSpecification\",\"valueRequired\":true,\"valueName\":\"search_term_string\"}}],\"inLanguage\":\"de\"},{\"@type\":\"Organization\",\"@id\":\"https:\/\/www.1pmdaily.com\/#organization\",\"name\":\"1pmdaily.com\",\"url\":\"https:\/\/www.1pmdaily.com\/\",\"logo\":{\"@type\":\"ImageObject\",\"inLanguage\":\"de\",\"@id\":\"https:\/\/www.1pmdaily.com\/#\/schema\/logo\/image\/\",\"url\":\"https:\/\/www.1pmdaily.com\/wp-content\/uploads\/2026\/03\/cropped-1pm-2.png\",\"contentUrl\":\"https:\/\/www.1pmdaily.com\/wp-content\/uploads\/2026\/03\/cropped-1pm-2.png\",\"width\":512,\"height\":512,\"caption\":\"1pmdaily.com\"},\"image\":{\"@id\":\"https:\/\/www.1pmdaily.com\/#\/schema\/logo\/image\/\"},\"description\":\"1PM Daily is an independent digital news publication focused on pre-medical education, medical school admissions policy, and science learning resources. We provide timely reporting, analysis, and educational content to help pre-med students navigate admissions processes, standardized testing updates, and academic preparation in biology and chemistry. Our editorial approach emphasizes accuracy, clarity, and accessibility, with content designed to support students across North America.\",\"email\":\"hello@1pmdaily.com\",\"telephone\":\"+1 (617) 555-4821\",\"legalName\":\"1PM Daily Media LLC\",\"foundingDate\":\"2024-09-01\",\"numberOfEmployees\":{\"@type\":\"QuantitativeValue\",\"minValue\":\"11\",\"maxValue\":\"50\"},\"publishingPrinciples\":\"https:\/\/www.1pmdaily.com\/about\",\"ownershipFundingInfo\":\"https:\/\/www.1pmdaily.com\/about\",\"actionableFeedbackPolicy\":\"https:\/\/www.1pmdaily.com\/about\",\"correctionsPolicy\":\"https:\/\/www.1pmdaily.com\/about\",\"ethicsPolicy\":\"https:\/\/www.1pmdaily.com\/about\",\"diversityPolicy\":\"https:\/\/www.1pmdaily.com\/about\",\"diversityStaffingReport\":\"https:\/\/www.1pmdaily.com\/about\"}]}<\/script>\n<!-- \/ Yoast SEO Premium plugin. -->","yoast_head_json":{"title":"Datenschutzrichtlinie - 1pmdaily.com","robots":{"index":"index","follow":"follow","max-snippet":"max-snippet:-1","max-image-preview":"max-image-preview:large","max-video-preview":"max-video-preview:-1"},"canonical":"https:\/\/www.1pmdaily.com\/de\/privacy-policy\/","og_locale":"de_DE","og_type":"article","og_title":"Privacy Policy","og_description":"Effective date: March 24, 2026 This Privacy Policy explains how 1PM Daily (\u201c1PM Daily,\u201d \u201cwe,\u201d \u201cus,\u201d or \u201cour\u201d) collects, uses, and shares information when you visit https:\/\/www.1pmdaily.com\/ (the \u201cSite\u201d). 1PM Daily is a free-access news ... Read more","og_url":"https:\/\/www.1pmdaily.com\/de\/privacy-policy\/","og_site_name":"1pmdaily.com","article_modified_time":"2026-03-24T12:39:04+00:00","og_image":[{"width":1920,"height":1282,"url":"https:\/\/www.1pmdaily.com\/wp-content\/uploads\/2026\/03\/erika-fletcher-MZxqc6n9qCw-unsplash.jpg","type":"image\/jpeg"}],"twitter_card":"summary_large_image","twitter_misc":{"Gesch\u00e4tzte Lesezeit":"5\u00a0Minuten"},"schema":{"@context":"https:\/\/schema.org","@graph":[{"@type":"WebPage","@id":"https:\/\/www.1pmdaily.com\/privacy-policy","url":"https:\/\/www.1pmdaily.com\/privacy-policy","name":"Datenschutzrichtlinie - 1pmdaily.com","isPartOf":{"@id":"https:\/\/www.1pmdaily.com\/#website"},"datePublished":"2026-03-24T12:06:35+00:00","dateModified":"2026-03-24T12:39:04+00:00","breadcrumb":{"@id":"https:\/\/www.1pmdaily.com\/privacy-policy#breadcrumb"},"inLanguage":"de","potentialAction":[{"@type":"ReadAction","target":["https:\/\/www.1pmdaily.com\/privacy-policy"]}]},{"@type":"BreadcrumbList","@id":"https:\/\/www.1pmdaily.com\/privacy-policy#breadcrumb","itemListElement":[{"@type":"ListItem","position":1,"name":"Home","item":"https:\/\/www.1pmdaily.com\/"},{"@type":"ListItem","position":2,"name":"Privacy Policy"}]},{"@type":"WebSite","@id":"https:\/\/www.1pmdaily.com\/#website","url":"https:\/\/www.1pmdaily.com\/","name":"1pmdaily.com","description":"Deine t\u00e4gliche Dosis Pre-Med-Infos \u2013 jeden Tag um 13 Uhr.","publisher":{"@id":"https:\/\/www.1pmdaily.com\/#organization"},"potentialAction":[{"@type":"SearchAction","target":{"@type":"EntryPoint","urlTemplate":"https:\/\/www.1pmdaily.com\/?s={search_term_string}"},"query-input":{"@type":"PropertyValueSpecification","valueRequired":true,"valueName":"search_term_string"}}],"inLanguage":"de"},{"@type":"Organization","@id":"https:\/\/www.1pmdaily.com\/#organization","name":"1pmdaily.com","url":"https:\/\/www.1pmdaily.com\/","logo":{"@type":"ImageObject","inLanguage":"de","@id":"https:\/\/www.1pmdaily.com\/#\/schema\/logo\/image\/","url":"https:\/\/www.1pmdaily.com\/wp-content\/uploads\/2026\/03\/cropped-1pm-2.png","contentUrl":"https:\/\/www.1pmdaily.com\/wp-content\/uploads\/2026\/03\/cropped-1pm-2.png","width":512,"height":512,"caption":"1pmdaily.com"},"image":{"@id":"https:\/\/www.1pmdaily.com\/#\/schema\/logo\/image\/"},"description":"1PM Daily ist ein unabh\u00e4ngiges digitales Nachrichtenportal mit Fokus auf die Vorbereitung auf das Medizinstudium, Zulassungsrichtlinien f\u00fcr medizinische Fakult\u00e4ten und Lernressourcen f\u00fcr Naturwissenschaften. Wir bieten aktuelle Berichte, Analysen und Lerninhalte, um angehende Medizinstudierende bei der Orientierung im Zulassungsprozess, bei Aktualisierungen zu standardisierten Tests und bei der akademischen Vorbereitung in Biologie und Chemie zu unterst\u00fctzen. Unser redaktioneller Ansatz legt Wert auf Genauigkeit, Klarheit und Verst\u00e4ndlichkeit; unsere Inhalte sind auf die Bed\u00fcrfnisse von Studierenden in ganz Nordamerika zugeschnitten.","email":"hello@1pmdaily.com","telephone":"+1 (617) 555-4821","legalName":"1PM Daily Media LLC","foundingDate":"2024-09-01","numberOfEmployees":{"@type":"QuantitativeValue","minValue":"11","maxValue":"50"},"publishingPrinciples":"https:\/\/www.1pmdaily.com\/about","ownershipFundingInfo":"https:\/\/www.1pmdaily.com\/about","actionableFeedbackPolicy":"https:\/\/www.1pmdaily.com\/about","correctionsPolicy":"https:\/\/www.1pmdaily.com\/about","ethicsPolicy":"https:\/\/www.1pmdaily.com\/about","diversityPolicy":"https:\/\/www.1pmdaily.com\/about","diversityStaffingReport":"https:\/\/www.1pmdaily.com\/about"}]}},"_links":{"self":[{"href":"https:\/\/www.1pmdaily.com\/de\/wp-json\/wp\/v2\/pages\/1382","targetHints":{"allow":["GET"]}}],"collection":[{"href":"https:\/\/www.1pmdaily.com\/de\/wp-json\/wp\/v2\/pages"}],"about":[{"href":"https:\/\/www.1pmdaily.com\/de\/wp-json\/wp\/v2\/types\/page"}],"author":[{"embeddable":true,"href":"https:\/\/www.1pmdaily.com\/de\/wp-json\/wp\/v2\/users\/1"}],"replies":[{"embeddable":true,"href":"https:\/\/www.1pmdaily.com\/de\/wp-json\/wp\/v2\/comments?post=1382"}],"version-history":[{"count":2,"href":"https:\/\/www.1pmdaily.com\/de\/wp-json\/wp\/v2\/pages\/1382\/revisions"}],"predecessor-version":[{"id":1384,"href":"https:\/\/www.1pmdaily.com\/de\/wp-json\/wp\/v2\/pages\/1382\/revisions\/1384"}],"wp:attachment":[{"href":"https:\/\/www.1pmdaily.com\/de\/wp-json\/wp\/v2\/media?parent=1382"}],"curies":[{"name":"wp","href":"https:\/\/api.w.org\/{rel}","templated":true}]}}