{"id":1382,"date":"2026-03-24T12:06:35","date_gmt":"2026-03-24T12:06:35","guid":{"rendered":"https:\/\/www.1pmdaily.com\/?page_id=1382"},"modified":"2026-03-24T12:39:04","modified_gmt":"2026-03-24T12:39:04","slug":"privacy-policy","status":"publish","type":"page","link":"https:\/\/www.1pmdaily.com\/es\/privacy-policy","title":{"rendered":"pol\u00edtica de privacidad"},"content":{"rendered":"<p><strong>Fecha de entrada en vigor:<\/strong> 24 de marzo de 2026<\/p>\n\n<p>Esta Pol\u00edtica de Privacidad explica c\u00f3mo <strong>Todos los d\u00edas a la 1 PM<\/strong> (\u201c1PM Daily\u201d, \u201cnosotros\u201d, \u201cnos\u201d o \u201cnuestro\u201d) recopila, utiliza y comparte informaci\u00f3n cuando usted visita <a href=\"https:\/\/www.1pmdaily.com\/es\/\">https:\/\/www.1pmdaily.com\/<\/a> (el \u201cSitio\u201d).<\/p>\n\n<p>1PM Daily es un sitio web de noticias y educaci\u00f3n de acceso gratuito. No requerimos suscripciones de pago para leer nuestro contenido ni que los visitantes creen una cuenta para navegar por el sitio.<\/p>\n\n<h2 id=\"summary\"><span class=\"ez-toc-section\" id=\"Key_points_plain-English_summary\"><\/span>Puntos clave (resumen en lenguaje sencillo)<span class=\"ez-toc-section-end\"><\/span><\/h2>\n<ul>\n  <li>No requerimos una cuenta para leer nuestro contenido, y no recopilamos informaci\u00f3n de pago ni de tarjetas de cr\u00e9dito en el sitio web.<\/li>\n  <li>Recopilamos autom\u00e1ticamente informaci\u00f3n limitada (como datos del dispositivo y de uso) para el funcionamiento del sitio web y para comprender c\u00f3mo se utiliza.<\/li>\n  <li>Utilizamos Google Analytics para medir el rendimiento del sitio web y los patrones de uso.<\/li>\n  <li>Si se comunica con nosotros por correo electr\u00f3nico, recibimos la informaci\u00f3n que nos env\u00eda.<\/li>\n  <li>No recopilamos informaci\u00f3n personal de ni\u00f1os menores de 13 a\u00f1os a sabiendas.<\/li>\n<\/ul>\n\n<h2 id=\"information-we-collect\"><span class=\"ez-toc-section\" id=\"Information_we_collect\"><\/span>Informaci\u00f3n que recopilamos<span class=\"ez-toc-section-end\"><\/span><\/h2>\n\n<h3 id=\"info-you-provide\"><span class=\"ez-toc-section\" id=\"Information_you_provide_to_us\"><\/span>Informaci\u00f3n que usted nos proporciona<span class=\"ez-toc-section-end\"><\/span><\/h3>\n<p>Puedes leer el sitio web sin crear una cuenta. Sin embargo, puedes optar por proporcionarnos informaci\u00f3n en situaciones limitadas, como cuando:<\/p>\n<ul>\n  <li>Env\u00edenos un correo electr\u00f3nico o p\u00f3ngase en contacto con nosotros de cualquier otra forma (por ejemplo, para solicitar una correcci\u00f3n, informar de un problema t\u00e9cnico o hacer una pregunta).<\/li>\n  <li>Env\u00ede cualquier sugerencia, documento o consulta a nuestra redacci\u00f3n.<\/li>\n<\/ul>\n\n<p>Cuando se comunica con nosotros, podemos recibir la informaci\u00f3n que incluye en su mensaje (como su direcci\u00f3n de correo electr\u00f3nico y el contenido del mensaje). Utilizamos esta informaci\u00f3n para responderle y mantener un registro adecuado de las comunicaciones.<\/p>\n\n<h3 id=\"info-collected-automatically\"><span class=\"ez-toc-section\" id=\"Information_collected_automatically\"><\/span>Informaci\u00f3n recopilada autom\u00e1ticamente<span class=\"ez-toc-section-end\"><\/span><\/h3>\n<p>Cuando usted visita el Sitio, nosotros (y nuestros proveedores de servicios) podemos recopilar autom\u00e1ticamente cierta informaci\u00f3n sobre su dispositivo y su uso del Sitio, como por ejemplo:<\/p>\n<ul>\n  <li>Informaci\u00f3n del dispositivo y del navegador (por ejemplo, tipo de navegador, sistema operativo e identificadores generales del dispositivo).<\/li>\n  <li>Ubicaci\u00f3n aproximada inferida a partir de se\u00f1ales t\u00e9cnicas (por ejemplo, ubicaci\u00f3n a nivel de pa\u00eds\/regi\u00f3n).<\/li>\n  <li>Informaci\u00f3n de uso (por ejemplo, p\u00e1ginas visitadas, tiempo de permanencia, p\u00e1ginas de referencia\/salida e interacciones con el contenido del sitio).<\/li>\n  <li>Datos de registro recopilados por servidores web y sistemas de seguridad (por ejemplo, direcci\u00f3n IP, marcas de tiempo de las solicitudes, URL de referencia y registros de errores).<\/li>\n<\/ul>\n\n<p>Utilizamos esta informaci\u00f3n para mantener el sitio web seguro, que funcione de forma fiable y para comprender qu\u00e9 contenido resulta \u00fatil para los lectores.<\/p>\n\n<h2 id=\"analytics\"><span class=\"ez-toc-section\" id=\"Analytics_Google_Analytics\"><\/span>An\u00e1lisis (Google Analytics)<span class=\"ez-toc-section-end\"><\/span><\/h2>\n<p>Nosotros usamos <strong>Google Analytics<\/strong> Para comprender c\u00f3mo los visitantes utilizan el sitio y medir su rendimiento, Google Analytics nos ayuda a visualizar informes agregados, como las tendencias de tr\u00e1fico, la popularidad de las p\u00e1ginas y c\u00f3mo los lectores navegan por el contenido.<\/p>\n\n<p>Google Analytics est\u00e1 implementado en nuestro sitio web utilizando el <strong>Site Kit de Google<\/strong> Plugin para WordPress.<\/p>\n\n<p>Google Analytics utiliza cookies y tecnolog\u00edas similares para recopilar informaci\u00f3n de uso y generar informes. No utilizamos Google Analytics para recopilar informaci\u00f3n personal identificable (como nombres, documentos de identidad o datos de pago). Le rogamos que no nos env\u00ede informaci\u00f3n personal confidencial a trav\u00e9s de campos de texto abiertos ni por correo electr\u00f3nico.<\/p>\n\n<p>Puedes obtener m\u00e1s informaci\u00f3n sobre c\u00f3mo Google Analytics recopila y procesa datos consultando la documentaci\u00f3n y las pol\u00edticas de Google. Tambi\u00e9n puedes usar la configuraci\u00f3n del navegador y las herramientas disponibles para limitar o desactivar la medici\u00f3n de Analytics.<\/p>\n\n<h2 id=\"how-we-use-information\"><span class=\"ez-toc-section\" id=\"How_we_use_information\"><\/span>C\u00f3mo utilizamos la informaci\u00f3n<span class=\"ez-toc-section-end\"><\/span><\/h2>\n<p>Utilizamos la informaci\u00f3n que recopilamos para:<\/p>\n<ul>\n  <li>Proporcionar y mantener el Sitio y su contenido.<\/li>\n  <li>Supervisar y mejorar el rendimiento, la fiabilidad y la experiencia del usuario del sitio web.<\/li>\n  <li>Proteger la seguridad e integridad del sitio web, detectar abusos y prevenir el fraude.<\/li>\n  <li>Responder a consultas editoriales, de soporte y de privacidad.<\/li>\n  <li>Cumplir con las obligaciones legales y hacer cumplir nuestras pol\u00edticas.<\/li>\n<\/ul>\n\n<h2 id=\"how-we-share-information\"><span class=\"ez-toc-section\" id=\"How_we_share_information\"><\/span>C\u00f3mo compartimos la informaci\u00f3n<span class=\"ez-toc-section-end\"><\/span><\/h2>\n<p>No vendemos informaci\u00f3n personal como modelo de negocio. Podemos compartir informaci\u00f3n en circunstancias limitadas, entre las que se incluyen:<\/p>\n\n<ul>\n  <li><strong>Proveedores de servicios:<\/strong> Utilizamos proveedores externos para el funcionamiento del sitio web (por ejemplo, servicios de alojamiento web, seguridad y an\u00e1lisis web como Google Analytics). Estos proveedores procesan informaci\u00f3n en nuestro nombre para prestar sus servicios.<\/li>\n  <li><strong>Razones legales y de seguridad:<\/strong> Podemos divulgar informaci\u00f3n si creemos que es necesario para cumplir con la ley aplicable, responder a solicitudes leg\u00edtimas, proteger nuestros derechos, proteger a los usuarios o investigar fraudes o problemas de seguridad.<\/li>\n  <li><strong>Cambios en el negocio:<\/strong> Si nuestra empresa experimenta un cambio corporativo (como una reestructuraci\u00f3n, adquisici\u00f3n o transferencia de activos), la informaci\u00f3n podr\u00e1 transferirse como parte de ese proceso, con sujeci\u00f3n a la legislaci\u00f3n aplicable.<\/li>\n<\/ul>\n\n<h2 id=\"data-retention\"><span class=\"ez-toc-section\" id=\"Data_retention\"><\/span>retenci\u00f3n de datos<span class=\"ez-toc-section-end\"><\/span><\/h2>\n<p>Conservamos la informaci\u00f3n \u00fanicamente durante el tiempo razonablemente necesario para los fines descritos en esta Pol\u00edtica de Privacidad, incluyendo la seguridad, las necesidades operativas y el cumplimiento legal. Los periodos de conservaci\u00f3n pueden variar seg\u00fan el tipo de datos y d\u00f3nde se almacenen (por ejemplo, registros del servidor, comunicaciones por correo electr\u00f3nico o informes anal\u00edticos).<\/p>\n\n<h2 id=\"your-choices\"><span class=\"ez-toc-section\" id=\"Your_choices\"><\/span>Tus elecciones<span class=\"ez-toc-section-end\"><\/span><\/h2>\n<p>Por lo general, puede controlar la recopilaci\u00f3n de ciertos datos a trav\u00e9s de la configuraci\u00f3n de su navegador o dispositivo (por ejemplo, bloqueando o eliminando cookies, limitando el seguimiento o utilizando la configuraci\u00f3n de privacidad del navegador). Tambi\u00e9n puede optar por no contactarnos por correo electr\u00f3nico si no desea compartir informaci\u00f3n directamente con nosotros.<\/p>\n\n<h2 id=\"your-rights\"><span class=\"ez-toc-section\" id=\"Your_privacy_rights\"><\/span>Sus derechos de privacidad<span class=\"ez-toc-section-end\"><\/span><\/h2>\n<p>Dependiendo de su lugar de residencia, usted podr\u00eda tener derechos relacionados con su informaci\u00f3n personal, como el derecho a solicitar acceso, rectificaci\u00f3n, supresi\u00f3n o informaci\u00f3n sobre el tratamiento que hacemos de sus datos. Analizaremos y responderemos a las solicitudes verificadas seg\u00fan lo exija la legislaci\u00f3n aplicable.<\/p>\n\n<p>Para enviar una solicitud de privacidad, cont\u00e1ctenos en <a href=\"mailto:privacy@1pmdaily.com\">privacy@1pmdaily.com<\/a>.<\/p>\n\n<h2 id=\"third-party-links\"><span class=\"ez-toc-section\" id=\"Third-party_links_and_embedded_content\"><\/span>Enlaces de terceros y contenido incrustado<span class=\"ez-toc-section-end\"><\/span><\/h2>\n<p>Este sitio web puede incluir enlaces a sitios web o servicios de terceros (por ejemplo, instituciones de fuentes primarias o materiales de referencia). Si accede a un enlace de terceros, se aplicar\u00e1n las pol\u00edticas de privacidad de dicho tercero. Le recomendamos que revise las pol\u00edticas de privacidad de terceros al visitar sitios externos.<\/p>\n\n<h2 id=\"advertising\"><span class=\"ez-toc-section\" id=\"Advertising_and_sponsored_content\"><\/span>Publicidad y contenido patrocinado<span class=\"ez-toc-section-end\"><\/span><\/h2>\n<p>Podemos mostrar publicidad o contenido patrocinado. Si publicamos contenido patrocinado o de pago, procuramos indicarlo claramente. Los socios publicitarios externos (si los hubiere) pueden recopilar informaci\u00f3n relacionada con la publicaci\u00f3n y medici\u00f3n de anuncios.<\/p>\n\n<p>Para obtener informaci\u00f3n sobre las cookies y tecnolog\u00edas similares utilizadas en el Sitio, consulte nuestra Pol\u00edtica de cookies: <a href=\"https:\/\/www.1pmdaily.com\/es\/cookie-policy\/\">https:\/\/www.1pmdaily.com\/cookie-policy<\/a>.<\/p>\n\n<h2 id=\"security\"><span class=\"ez-toc-section\" id=\"Security\"><\/span>Seguridad<span class=\"ez-toc-section-end\"><\/span><\/h2>\n<p>Implementamos medidas de seguridad razonables para proteger el sitio web y la informaci\u00f3n que procesamos. Ning\u00fan sitio web puede garantizar la seguridad absoluta, y usted utiliza el sitio bajo su propia responsabilidad.<\/p>\n\n<h2 id=\"international\"><span class=\"ez-toc-section\" id=\"International_visitors\"><\/span>visitantes internacionales<span class=\"ez-toc-section-end\"><\/span><\/h2>\n<p>Si accede al Sitio desde fuera de los Estados Unidos, su informaci\u00f3n podr\u00eda ser procesada en jurisdicciones con leyes de protecci\u00f3n de datos diferentes a las de su lugar de residencia. Adoptamos medidas para proteger la informaci\u00f3n de conformidad con esta Pol\u00edtica de Privacidad y la legislaci\u00f3n aplicable.<\/p>\n\n<h2 id=\"children\"><span class=\"ez-toc-section\" id=\"Childrens_privacy\"><\/span>Privacidad de los ni\u00f1os<span class=\"ez-toc-section-end\"><\/span><\/h2>\n<p>Este sitio web no est\u00e1 dirigido a menores de 13 a\u00f1os, y no recopilamos informaci\u00f3n personal de menores de 13 a\u00f1os de forma intencionada. Si cree que un menor de 13 a\u00f1os nos ha proporcionado informaci\u00f3n personal, p\u00f3ngase en contacto con nosotros para que podamos tomar las medidas oportunas.<\/p>\n\n<h2 id=\"changes\"><span class=\"ez-toc-section\" id=\"Changes_to_this_Privacy_Policy\"><\/span>Cambios en esta Pol\u00edtica de Privacidad<span class=\"ez-toc-section-end\"><\/span><\/h2>\n<p>Podemos actualizar esta Pol\u00edtica de Privacidad peri\u00f3dicamente. Cuando lo hagamos, revisaremos la fecha de entrada en vigor que aparece al inicio de esta p\u00e1gina. Si los cambios son sustanciales, podr\u00edamos tomar medidas adicionales para notificarle seg\u00fan lo exija la ley.<\/p>\n\n<h2 id=\"contact\"><span class=\"ez-toc-section\" id=\"Contact_us\"><\/span>Cont\u00e1ctanos<span class=\"ez-toc-section-end\"><\/span><\/h2>\n<p><strong>Contacto de privacidad:<\/strong> <a href=\"mailto:privacy@1pmdaily.com\">privacy@1pmdaily.com<\/a><br>\n<strong>Contacto general:<\/strong> <a href=\"mailto:hello@1pmdaily.com\">hello@1pmdaily.com<\/a><\/p>\n\n<p><strong>Direcci\u00f3n de envio:<\/strong><br>\n1PM Daily Media LLC<br>\nApartado de correos 1934<br>\nCambridge, MA 02139<br>\nEstados Unidos\n<\/p>","protected":false},"excerpt":{"rendered":"<p>Fecha de entrada en vigor: 24 de marzo de 2026. Esta Pol\u00edtica de Privacidad explica c\u00f3mo 1PM Daily (\u201c1PM Daily\u201d, \u201cnosotros\u201d o \u201cnuestro\u201d) recopila, utiliza y comparte informaci\u00f3n cuando usted visita https:\/\/www.1pmdaily.com\/ (el \u201cSitio\u201d). 1PM Daily es un portal de noticias de acceso gratuito\u2026 <a title=\"pol\u00edtica de privacidad\" class=\"read-more\" href=\"https:\/\/www.1pmdaily.com\/es\/privacy-policy\" aria-label=\"Leer m\u00e1s sobre Pol\u00edtica de Privacidad\">Leer m\u00e1s<\/a><\/p>","protected":false},"author":1,"featured_media":0,"parent":0,"menu_order":0,"comment_status":"closed","ping_status":"closed","template":"","meta":{"footnotes":""},"class_list":{"0":"post-1382","1":"page","2":"type-page","3":"status-publish","5":"infinite-scroll-item"},"yoast_head":"<!-- This site is optimized with the Yoast SEO Premium plugin v27.1 (Yoast SEO v27.1.1) - https:\/\/yoast.com\/product\/yoast-seo-premium-wordpress\/ -->\n<title>Privacy Policy - 1pmdaily.com<\/title>\n<meta name=\"robots\" content=\"index, follow, max-snippet:-1, max-image-preview:large, max-video-preview:-1\" \/>\n<link rel=\"canonical\" href=\"https:\/\/www.1pmdaily.com\/es\/privacy-policy\/\" \/>\n<meta property=\"og:locale\" content=\"es_MX\" \/>\n<meta property=\"og:type\" content=\"article\" \/>\n<meta property=\"og:title\" content=\"Privacy Policy\" \/>\n<meta property=\"og:description\" content=\"Effective date: March 24, 2026 This Privacy Policy explains how 1PM Daily (\u201c1PM Daily,\u201d \u201cwe,\u201d \u201cus,\u201d or \u201cour\u201d) collects, uses, and shares information when you visit https:\/\/www.1pmdaily.com\/ (the \u201cSite\u201d). 1PM Daily is a free-access news ... Read more\" \/>\n<meta property=\"og:url\" content=\"https:\/\/www.1pmdaily.com\/es\/privacy-policy\/\" \/>\n<meta property=\"og:site_name\" content=\"1pmdaily.com\" \/>\n<meta property=\"article:modified_time\" content=\"2026-03-24T12:39:04+00:00\" \/>\n<meta property=\"og:image\" content=\"https:\/\/www.1pmdaily.com\/wp-content\/uploads\/2026\/03\/erika-fletcher-MZxqc6n9qCw-unsplash.jpg\" \/>\n\t<meta property=\"og:image:width\" content=\"1920\" \/>\n\t<meta property=\"og:image:height\" content=\"1282\" \/>\n\t<meta property=\"og:image:type\" content=\"image\/jpeg\" \/>\n<meta name=\"twitter:card\" content=\"summary_large_image\" \/>\n<meta name=\"twitter:label1\" content=\"Tiempo de lectura\" \/>\n\t<meta name=\"twitter:data1\" content=\"5 minutos\" \/>\n<script type=\"application\/ld+json\" class=\"yoast-schema-graph\">{\"@context\":\"https:\/\/schema.org\",\"@graph\":[{\"@type\":\"WebPage\",\"@id\":\"https:\/\/www.1pmdaily.com\/privacy-policy\",\"url\":\"https:\/\/www.1pmdaily.com\/privacy-policy\",\"name\":\"Privacy Policy - 1pmdaily.com\",\"isPartOf\":{\"@id\":\"https:\/\/www.1pmdaily.com\/#website\"},\"datePublished\":\"2026-03-24T12:06:35+00:00\",\"dateModified\":\"2026-03-24T12:39:04+00:00\",\"breadcrumb\":{\"@id\":\"https:\/\/www.1pmdaily.com\/privacy-policy#breadcrumb\"},\"inLanguage\":\"es\",\"potentialAction\":[{\"@type\":\"ReadAction\",\"target\":[\"https:\/\/www.1pmdaily.com\/privacy-policy\"]}]},{\"@type\":\"BreadcrumbList\",\"@id\":\"https:\/\/www.1pmdaily.com\/privacy-policy#breadcrumb\",\"itemListElement\":[{\"@type\":\"ListItem\",\"position\":1,\"name\":\"Home\",\"item\":\"https:\/\/www.1pmdaily.com\/\"},{\"@type\":\"ListItem\",\"position\":2,\"name\":\"Privacy Policy\"}]},{\"@type\":\"WebSite\",\"@id\":\"https:\/\/www.1pmdaily.com\/#website\",\"url\":\"https:\/\/www.1pmdaily.com\/\",\"name\":\"1pmdaily.com\",\"description\":\"Daily dose of premed info, only at 1 pm.\",\"publisher\":{\"@id\":\"https:\/\/www.1pmdaily.com\/#organization\"},\"potentialAction\":[{\"@type\":\"SearchAction\",\"target\":{\"@type\":\"EntryPoint\",\"urlTemplate\":\"https:\/\/www.1pmdaily.com\/?s={search_term_string}\"},\"query-input\":{\"@type\":\"PropertyValueSpecification\",\"valueRequired\":true,\"valueName\":\"search_term_string\"}}],\"inLanguage\":\"es\"},{\"@type\":\"Organization\",\"@id\":\"https:\/\/www.1pmdaily.com\/#organization\",\"name\":\"1pmdaily.com\",\"url\":\"https:\/\/www.1pmdaily.com\/\",\"logo\":{\"@type\":\"ImageObject\",\"inLanguage\":\"es\",\"@id\":\"https:\/\/www.1pmdaily.com\/#\/schema\/logo\/image\/\",\"url\":\"https:\/\/www.1pmdaily.com\/wp-content\/uploads\/2026\/03\/cropped-1pm-2.png\",\"contentUrl\":\"https:\/\/www.1pmdaily.com\/wp-content\/uploads\/2026\/03\/cropped-1pm-2.png\",\"width\":512,\"height\":512,\"caption\":\"1pmdaily.com\"},\"image\":{\"@id\":\"https:\/\/www.1pmdaily.com\/#\/schema\/logo\/image\/\"},\"description\":\"1PM Daily is an independent digital news publication focused on pre-medical education, medical school admissions policy, and science learning resources. We provide timely reporting, analysis, and educational content to help pre-med students navigate admissions processes, standardized testing updates, and academic preparation in biology and chemistry. Our editorial approach emphasizes accuracy, clarity, and accessibility, with content designed to support students across North America.\",\"email\":\"hello@1pmdaily.com\",\"telephone\":\"+1 (617) 555-4821\",\"legalName\":\"1PM Daily Media LLC\",\"foundingDate\":\"2024-09-01\",\"numberOfEmployees\":{\"@type\":\"QuantitativeValue\",\"minValue\":\"11\",\"maxValue\":\"50\"},\"publishingPrinciples\":\"https:\/\/www.1pmdaily.com\/about\",\"ownershipFundingInfo\":\"https:\/\/www.1pmdaily.com\/about\",\"actionableFeedbackPolicy\":\"https:\/\/www.1pmdaily.com\/about\",\"correctionsPolicy\":\"https:\/\/www.1pmdaily.com\/about\",\"ethicsPolicy\":\"https:\/\/www.1pmdaily.com\/about\",\"diversityPolicy\":\"https:\/\/www.1pmdaily.com\/about\",\"diversityStaffingReport\":\"https:\/\/www.1pmdaily.com\/about\"}]}<\/script>\n<!-- \/ Yoast SEO Premium plugin. -->","yoast_head_json":{"title":"Pol\u00edtica de privacidad - 1pmdaily.com","robots":{"index":"index","follow":"follow","max-snippet":"max-snippet:-1","max-image-preview":"max-image-preview:large","max-video-preview":"max-video-preview:-1"},"canonical":"https:\/\/www.1pmdaily.com\/es\/privacy-policy\/","og_locale":"es_MX","og_type":"article","og_title":"Privacy Policy","og_description":"Effective date: March 24, 2026 This Privacy Policy explains how 1PM Daily (\u201c1PM Daily,\u201d \u201cwe,\u201d \u201cus,\u201d or \u201cour\u201d) collects, uses, and shares information when you visit https:\/\/www.1pmdaily.com\/ (the \u201cSite\u201d). 1PM Daily is a free-access news ... Read more","og_url":"https:\/\/www.1pmdaily.com\/es\/privacy-policy\/","og_site_name":"1pmdaily.com","article_modified_time":"2026-03-24T12:39:04+00:00","og_image":[{"width":1920,"height":1282,"url":"https:\/\/www.1pmdaily.com\/wp-content\/uploads\/2026\/03\/erika-fletcher-MZxqc6n9qCw-unsplash.jpg","type":"image\/jpeg"}],"twitter_card":"summary_large_image","twitter_misc":{"Tiempo de lectura":"5 minutos"},"schema":{"@context":"https:\/\/schema.org","@graph":[{"@type":"WebPage","@id":"https:\/\/www.1pmdaily.com\/privacy-policy","url":"https:\/\/www.1pmdaily.com\/privacy-policy","name":"Pol\u00edtica de privacidad - 1pmdaily.com","isPartOf":{"@id":"https:\/\/www.1pmdaily.com\/#website"},"datePublished":"2026-03-24T12:06:35+00:00","dateModified":"2026-03-24T12:39:04+00:00","breadcrumb":{"@id":"https:\/\/www.1pmdaily.com\/privacy-policy#breadcrumb"},"inLanguage":"es","potentialAction":[{"@type":"ReadAction","target":["https:\/\/www.1pmdaily.com\/privacy-policy"]}]},{"@type":"BreadcrumbList","@id":"https:\/\/www.1pmdaily.com\/privacy-policy#breadcrumb","itemListElement":[{"@type":"ListItem","position":1,"name":"Home","item":"https:\/\/www.1pmdaily.com\/"},{"@type":"ListItem","position":2,"name":"Privacy Policy"}]},{"@type":"WebSite","@id":"https:\/\/www.1pmdaily.com\/#website","url":"https:\/\/www.1pmdaily.com\/","name":"1pmdaily.com","description":"Dosis diaria de informaci\u00f3n pre-med, solo a la 1 p. m.","publisher":{"@id":"https:\/\/www.1pmdaily.com\/#organization"},"potentialAction":[{"@type":"SearchAction","target":{"@type":"EntryPoint","urlTemplate":"https:\/\/www.1pmdaily.com\/?s={search_term_string}"},"query-input":{"@type":"PropertyValueSpecification","valueRequired":true,"valueName":"search_term_string"}}],"inLanguage":"es"},{"@type":"Organization","@id":"https:\/\/www.1pmdaily.com\/#organization","name":"1pmdaily.com","url":"https:\/\/www.1pmdaily.com\/","logo":{"@type":"ImageObject","inLanguage":"es","@id":"https:\/\/www.1pmdaily.com\/#\/schema\/logo\/image\/","url":"https:\/\/www.1pmdaily.com\/wp-content\/uploads\/2026\/03\/cropped-1pm-2.png","contentUrl":"https:\/\/www.1pmdaily.com\/wp-content\/uploads\/2026\/03\/cropped-1pm-2.png","width":512,"height":512,"caption":"1pmdaily.com"},"image":{"@id":"https:\/\/www.1pmdaily.com\/#\/schema\/logo\/image\/"},"description":"1PM Daily es una publicaci\u00f3n digital independiente centrada en la educaci\u00f3n pre-m\u00e9dica, las pol\u00edticas de admisi\u00f3n a las facultades de medicina y los recursos para el aprendizaje de las ciencias. Ofrecemos informaci\u00f3n actualizada, an\u00e1lisis y contenido educativo para ayudar a los estudiantes de pre-medicina a comprender los procesos de admisi\u00f3n, las novedades sobre las pruebas estandarizadas y la preparaci\u00f3n acad\u00e9mica en biolog\u00eda y qu\u00edmica. Nuestro enfoque editorial prioriza la precisi\u00f3n, la claridad y la accesibilidad, con contenido dise\u00f1ado para apoyar a estudiantes de toda Norteam\u00e9rica.","email":"hello@1pmdaily.com","telephone":"+1 (617) 555-4821","legalName":"1PM Daily Media LLC","foundingDate":"2024-09-01","numberOfEmployees":{"@type":"QuantitativeValue","minValue":"11","maxValue":"50"},"publishingPrinciples":"https:\/\/www.1pmdaily.com\/about","ownershipFundingInfo":"https:\/\/www.1pmdaily.com\/about","actionableFeedbackPolicy":"https:\/\/www.1pmdaily.com\/about","correctionsPolicy":"https:\/\/www.1pmdaily.com\/about","ethicsPolicy":"https:\/\/www.1pmdaily.com\/about","diversityPolicy":"https:\/\/www.1pmdaily.com\/about","diversityStaffingReport":"https:\/\/www.1pmdaily.com\/about"}]}},"_links":{"self":[{"href":"https:\/\/www.1pmdaily.com\/es\/wp-json\/wp\/v2\/pages\/1382","targetHints":{"allow":["GET"]}}],"collection":[{"href":"https:\/\/www.1pmdaily.com\/es\/wp-json\/wp\/v2\/pages"}],"about":[{"href":"https:\/\/www.1pmdaily.com\/es\/wp-json\/wp\/v2\/types\/page"}],"author":[{"embeddable":true,"href":"https:\/\/www.1pmdaily.com\/es\/wp-json\/wp\/v2\/users\/1"}],"replies":[{"embeddable":true,"href":"https:\/\/www.1pmdaily.com\/es\/wp-json\/wp\/v2\/comments?post=1382"}],"version-history":[{"count":2,"href":"https:\/\/www.1pmdaily.com\/es\/wp-json\/wp\/v2\/pages\/1382\/revisions"}],"predecessor-version":[{"id":1384,"href":"https:\/\/www.1pmdaily.com\/es\/wp-json\/wp\/v2\/pages\/1382\/revisions\/1384"}],"wp:attachment":[{"href":"https:\/\/www.1pmdaily.com\/es\/wp-json\/wp\/v2\/media?parent=1382"}],"curies":[{"name":"wp","href":"https:\/\/api.w.org\/{rel}","templated":true}]}}