{"id":1382,"date":"2026-03-24T12:06:35","date_gmt":"2026-03-24T12:06:35","guid":{"rendered":"https:\/\/www.1pmdaily.com\/?page_id=1382"},"modified":"2026-03-24T12:39:04","modified_gmt":"2026-03-24T12:39:04","slug":"privacy-policy","status":"publish","type":"page","link":"https:\/\/www.1pmdaily.com\/fr\/privacy-policy","title":{"rendered":"politique de confidentialit\u00e9"},"content":{"rendered":"<p><strong>Date d&#039;entr\u00e9e en vigueur :<\/strong> 24 mars 2026<\/p>\n\n<p>Cette politique de confidentialit\u00e9 explique comment <strong>13h tous les jours<\/strong> (\u201c 1PM Daily \u201d, \u201c nous \u201d, \u201c notre \u201d ou \u201c nos \u201d) collecte, utilise et partage des informations lorsque vous visitez <a href=\"https:\/\/www.1pmdaily.com\/fr\/\">https:\/\/www.1pmdaily.com\/<\/a> (le \u201c Site \u201d).<\/p>\n\n<p>1PM Daily est un site d&#039;actualit\u00e9s et d&#039;\u00e9ducation en acc\u00e8s libre. La lecture de notre contenu ne n\u00e9cessite aucun abonnement payant, et la cr\u00e9ation d&#039;un compte n&#039;est pas requise pour consulter le site.<\/p>\n\n<h2 id=\"summary\"><span class=\"ez-toc-section\" id=\"Key_points_plain-English_summary\"><\/span>Points cl\u00e9s (r\u00e9sum\u00e9 en langage clair)<span class=\"ez-toc-section-end\"><\/span><\/h2>\n<ul>\n  <li>Nous n&#039;exigeons pas de compte pour lire notre contenu et nous ne collectons aucune information de paiement ou de carte de cr\u00e9dit sur le Site.<\/li>\n  <li>Nous collectons automatiquement des informations limit\u00e9es (telles que des donn\u00e9es relatives \u00e0 l&#039;appareil et \u00e0 son utilisation) afin d&#039;assurer le fonctionnement du Site et de comprendre comment il est utilis\u00e9.<\/li>\n  <li>Nous utilisons Google Analytics pour mesurer les performances du site et les habitudes d&#039;utilisation.<\/li>\n  <li>Si vous nous contactez par courriel, nous recevons les informations que vous nous envoyez.<\/li>\n  <li>Nous ne recueillons pas sciemment d&#039;informations personnelles aupr\u00e8s d&#039;enfants de moins de 13 ans.<\/li>\n<\/ul>\n\n<h2 id=\"information-we-collect\"><span class=\"ez-toc-section\" id=\"Information_we_collect\"><\/span>Informations que nous recueillons<span class=\"ez-toc-section-end\"><\/span><\/h2>\n\n<h3 id=\"info-you-provide\"><span class=\"ez-toc-section\" id=\"Information_you_provide_to_us\"><\/span>Les informations que vous nous fournissez<span class=\"ez-toc-section-end\"><\/span><\/h3>\n<p>Vous pouvez consulter le Site sans cr\u00e9er de compte. Toutefois, vous pouvez choisir de nous fournir des informations dans certaines situations, par exemple lorsque vous\u00a0:<\/p>\n<ul>\n  <li>Envoyez-nous un courriel ou contactez-nous par tout autre moyen (par exemple, pour demander une correction, signaler un probl\u00e8me technique ou poser une question).<\/li>\n  <li>Soumettez un renseignement, un document ou une demande \u00e0 notre r\u00e9daction.<\/li>\n<\/ul>\n\n<p>Lorsque vous nous contactez, nous pouvons recevoir les informations que vous incluez dans votre message (telles que votre adresse \u00e9lectronique et le contenu de votre message). Nous utilisons ces informations pour vous r\u00e9pondre et pour conserver un historique de nos \u00e9changes.<\/p>\n\n<h3 id=\"info-collected-automatically\"><span class=\"ez-toc-section\" id=\"Information_collected_automatically\"><\/span>Informations collect\u00e9es automatiquement<span class=\"ez-toc-section-end\"><\/span><\/h3>\n<p>Lorsque vous visitez le Site, nous (et nos prestataires de services) pouvons collecter automatiquement certaines informations concernant votre appareil et votre utilisation du Site, telles que\u00a0:<\/p>\n<ul>\n  <li>Informations relatives \u00e0 l&#039;appareil et au navigateur (par exemple, type de navigateur, syst\u00e8me d&#039;exploitation et identifiants g\u00e9n\u00e9raux de l&#039;appareil).<\/li>\n  <li>Localisation approximative d\u00e9duite de signaux techniques (par exemple, localisation au niveau du pays\/de la r\u00e9gion).<\/li>\n  <li>Informations d&#039;utilisation (par exemple, pages consult\u00e9es, temps pass\u00e9, pages de provenance\/de sortie et interactions avec le contenu du site).<\/li>\n  <li>Donn\u00e9es de journalisation collect\u00e9es par les serveurs web et les syst\u00e8mes de s\u00e9curit\u00e9 (par exemple, adresse IP, horodatage des requ\u00eates, URL de r\u00e9f\u00e9rence et journaux d&#039;erreurs).<\/li>\n<\/ul>\n\n<p>Nous utilisons ces informations pour assurer la s\u00e9curit\u00e9 du site, son bon fonctionnement et pour comprendre quel contenu est utile aux lecteurs.<\/p>\n\n<h2 id=\"analytics\"><span class=\"ez-toc-section\" id=\"Analytics_Google_Analytics\"><\/span>Analyse (Google Analytics)<span class=\"ez-toc-section-end\"><\/span><\/h2>\n<p>Nous utilisons <strong>Google Analytics<\/strong> Pour comprendre comment les visiteurs utilisent le site et pour mesurer ses performances, Google Analytics nous permet d&#039;acc\u00e9der \u00e0 des rapports agr\u00e9g\u00e9s tels que les tendances de trafic, la popularit\u00e9 des pages et la mani\u00e8re dont les lecteurs naviguent dans le contenu.<\/p>\n\n<p>Google Analytics est impl\u00e9ment\u00e9 sur notre site \u00e0 l&#039;aide de <strong>Site Kit par Google<\/strong> plugin pour WordPress.<\/p>\n\n<p>Google Analytics utilise des cookies et des technologies similaires pour recueillir des informations d&#039;utilisation et g\u00e9n\u00e9rer des rapports. Nous n&#039;utilisons pas Google Analytics pour collecter des informations permettant de vous identifier personnellement (telles que votre nom, votre num\u00e9ro d&#039;identification officiel ou vos coordonn\u00e9es bancaires). Veuillez ne pas nous communiquer d&#039;informations personnelles sensibles via les champs de texte libre ou par courriel.<\/p>\n\n<p>Pour en savoir plus sur la mani\u00e8re dont Google Analytics collecte et traite les donn\u00e9es, consultez la documentation et les r\u00e8gles de Google. Vous pouvez \u00e9galement utiliser les param\u00e8tres de votre navigateur et les outils disponibles pour limiter ou d\u00e9sactiver la collecte de donn\u00e9es Analytics.<\/p>\n\n<h2 id=\"how-we-use-information\"><span class=\"ez-toc-section\" id=\"How_we_use_information\"><\/span>Comment nous utilisons les informations<span class=\"ez-toc-section-end\"><\/span><\/h2>\n<p>Nous utilisons les informations que nous recueillons pour\u00a0:<\/p>\n<ul>\n  <li>Fournir et maintenir le Site et son contenu.<\/li>\n  <li>Surveiller et am\u00e9liorer les performances, la fiabilit\u00e9 et l&#039;exp\u00e9rience utilisateur du site.<\/li>\n  <li>Prot\u00e9ger la s\u00e9curit\u00e9 et l&#039;int\u00e9grit\u00e9 du Site, d\u00e9tecter les abus et pr\u00e9venir la fraude.<\/li>\n  <li>R\u00e9pondre aux questions \u00e9ditoriales, d&#039;assistance et de confidentialit\u00e9.<\/li>\n  <li>Respectez vos obligations l\u00e9gales et appliquez nos politiques.<\/li>\n<\/ul>\n\n<h2 id=\"how-we-share-information\"><span class=\"ez-toc-section\" id=\"How_we_share_information\"><\/span>Comment nous partageons les informations<span class=\"ez-toc-section-end\"><\/span><\/h2>\n<p>Nous ne vendons pas d&#039;informations personnelles \u00e0 des fins commerciales. Nous pouvons partager des informations dans des circonstances limit\u00e9es, notamment\u00a0:<\/p>\n\n<ul>\n  <li><strong>Prestataires de services :<\/strong> Nous faisons appel \u00e0 des prestataires pour assurer le fonctionnement du Site (par exemple, l&#039;h\u00e9bergement du site web, les services de s\u00e9curit\u00e9 et les fournisseurs d&#039;outils d&#039;analyse tels que Google Analytics). Ces prestataires traitent des informations pour notre compte afin de fournir leurs services.<\/li>\n  <li><strong>Raisons juridiques et de s\u00e9curit\u00e9\u00a0:<\/strong> Nous pouvons divulguer des informations si nous estimons que cela est n\u00e9cessaire pour nous conformer \u00e0 la loi applicable, r\u00e9pondre \u00e0 des demandes l\u00e9gitimes, prot\u00e9ger nos droits, prot\u00e9ger les utilisateurs ou enqu\u00eater sur des cas de fraude ou des probl\u00e8mes de s\u00e9curit\u00e9.<\/li>\n  <li><strong>Changements au sein de l&#039;entreprise\u00a0:<\/strong> En cas de changement de structure (restructuration, acquisition ou transfert d&#039;actifs), des informations pourront \u00eatre transf\u00e9r\u00e9es dans le cadre de ce processus, sous r\u00e9serve de la l\u00e9gislation applicable.<\/li>\n<\/ul>\n\n<h2 id=\"data-retention\"><span class=\"ez-toc-section\" id=\"Data_retention\"><\/span>conservation des donn\u00e9es<span class=\"ez-toc-section-end\"><\/span><\/h2>\n<p>Nous conservons les informations uniquement pendant la dur\u00e9e raisonnablement n\u00e9cessaire aux fins d\u00e9crites dans la pr\u00e9sente Politique de confidentialit\u00e9, notamment la s\u00e9curit\u00e9, les besoins op\u00e9rationnels et la conformit\u00e9 l\u00e9gale. Les dur\u00e9es de conservation peuvent varier selon le type de donn\u00e9es et leur emplacement de stockage (par exemple, les journaux de serveur, les communications par courriel ou les rapports d&#039;analyse).<\/p>\n\n<h2 id=\"your-choices\"><span class=\"ez-toc-section\" id=\"Your_choices\"><\/span>Vos choix<span class=\"ez-toc-section-end\"><\/span><\/h2>\n<p>Vous pouvez g\u00e9n\u00e9ralement contr\u00f4ler la collecte de certaines donn\u00e9es via les param\u00e8tres de votre navigateur ou de votre appareil (par exemple, en bloquant ou en supprimant les cookies, en limitant le suivi ou en utilisant des param\u00e8tres de confidentialit\u00e9). Vous pouvez \u00e9galement choisir de ne pas nous contacter par courriel si vous ne souhaitez pas partager directement d&#039;informations avec nous.<\/p>\n\n<h2 id=\"your-rights\"><span class=\"ez-toc-section\" id=\"Your_privacy_rights\"><\/span>Vos droits \u00e0 la vie priv\u00e9e<span class=\"ez-toc-section-end\"><\/span><\/h2>\n<p>Selon votre lieu de r\u00e9sidence, vous pouvez disposer de droits relatifs \u00e0 vos donn\u00e9es personnelles, tels que le droit d&#039;y acc\u00e9der, de les rectifier, de les supprimer ou d&#039;obtenir des informations sur leur traitement. Nous examinerons et r\u00e9pondrons aux demandes v\u00e9rifi\u00e9es conform\u00e9ment \u00e0 la l\u00e9gislation applicable.<\/p>\n\n<p>Pour soumettre une demande relative \u00e0 la protection de la vie priv\u00e9e, veuillez nous contacter \u00e0 l&#039;adresse suivante : <a href=\"mailto:privacy@1pmdaily.com\">privacy@1pmdaily.com<\/a>.<\/p>\n\n<h2 id=\"third-party-links\"><span class=\"ez-toc-section\" id=\"Third-party_links_and_embedded_content\"><\/span>Liens tiers et contenu int\u00e9gr\u00e9<span class=\"ez-toc-section-end\"><\/span><\/h2>\n<p>Le Site peut contenir des liens vers des sites web ou des services tiers (par exemple, des institutions sources ou des documents de r\u00e9f\u00e9rence). Si vous suivez un lien tiers, les pratiques de confidentialit\u00e9 de ce tiers s&#039;appliqueront. Nous vous encourageons \u00e0 consulter les politiques de confidentialit\u00e9 des tiers lorsque vous visitez des sites externes.<\/p>\n\n<h2 id=\"advertising\"><span class=\"ez-toc-section\" id=\"Advertising_and_sponsored_content\"><\/span>Publicit\u00e9 et contenu sponsoris\u00e9<span class=\"ez-toc-section-end\"><\/span><\/h2>\n<p>Nous pouvons afficher de la publicit\u00e9 ou du contenu sponsoris\u00e9. Le cas \u00e9ch\u00e9ant, nous veillons \u00e0 ce que ce contenu soit clairement identifi\u00e9 comme tel. Nos partenaires publicitaires tiers (le cas \u00e9ch\u00e9ant) peuvent collecter des informations relatives \u00e0 la diffusion et \u00e0 la mesure des publicit\u00e9s.<\/p>\n\n<p>Pour plus d&#039;informations sur les cookies et les technologies similaires utilis\u00e9es sur le Site, veuillez consulter notre Politique relative aux cookies\u00a0: <a href=\"https:\/\/www.1pmdaily.com\/fr\/cookie-policy\/\">https:\/\/www.1pmdaily.com\/cookie-policy<\/a>.<\/p>\n\n<h2 id=\"security\"><span class=\"ez-toc-section\" id=\"Security\"><\/span>S\u00e9curit\u00e9<span class=\"ez-toc-section-end\"><\/span><\/h2>\n<p>Nous mettons en \u0153uvre des mesures de s\u00e9curit\u00e9 raisonnables afin de prot\u00e9ger le Site et les informations que nous traitons. Aucun site web ne peut garantir une s\u00e9curit\u00e9 absolue, et vous utilisez le Site \u00e0 vos propres risques.<\/p>\n\n<h2 id=\"international\"><span class=\"ez-toc-section\" id=\"International_visitors\"><\/span>visiteurs internationaux<span class=\"ez-toc-section-end\"><\/span><\/h2>\n<p>Si vous acc\u00e9dez au Site depuis l&#039;ext\u00e9rieur des \u00c9tats-Unis, vos informations peuvent \u00eatre trait\u00e9es dans des juridictions dont les lois sur la protection des donn\u00e9es peuvent diff\u00e9rer de celles de votre lieu de r\u00e9sidence. Nous prenons des mesures visant \u00e0 prot\u00e9ger vos informations conform\u00e9ment \u00e0 la pr\u00e9sente Politique de confidentialit\u00e9 et \u00e0 la l\u00e9gislation applicable.<\/p>\n\n<h2 id=\"children\"><span class=\"ez-toc-section\" id=\"Childrens_privacy\"><\/span>Respect de la vie priv\u00e9e des enfants<span class=\"ez-toc-section-end\"><\/span><\/h2>\n<p>Ce site ne s&#039;adresse pas aux enfants de moins de 13 ans et nous ne recueillons pas sciemment d&#039;informations personnelles aupr\u00e8s d&#039;enfants de moins de 13 ans. Si vous pensez qu&#039;un enfant de moins de 13 ans nous a communiqu\u00e9 des informations personnelles, veuillez nous contacter afin que nous puissions prendre les mesures appropri\u00e9es.<\/p>\n\n<h2 id=\"changes\"><span class=\"ez-toc-section\" id=\"Changes_to_this_Privacy_Policy\"><\/span>Modifications apport\u00e9es \u00e0 la pr\u00e9sente politique de confidentialit\u00e9<span class=\"ez-toc-section-end\"><\/span><\/h2>\n<p>Nous pouvons \u00eatre amen\u00e9s \u00e0 modifier la pr\u00e9sente Politique de confidentialit\u00e9. Le cas \u00e9ch\u00e9ant, nous mettrons \u00e0 jour la date d&#039;entr\u00e9e en vigueur figurant en haut de cette page. Si les modifications sont importantes, nous pourrons prendre des mesures suppl\u00e9mentaires pour vous en informer, conform\u00e9ment \u00e0 la loi.<\/p>\n\n<h2 id=\"contact\"><span class=\"ez-toc-section\" id=\"Contact_us\"><\/span>Contactez-nous<span class=\"ez-toc-section-end\"><\/span><\/h2>\n<p><strong>Contact relatif \u00e0 la protection de la vie priv\u00e9e\u00a0:<\/strong> <a href=\"mailto:privacy@1pmdaily.com\">privacy@1pmdaily.com<\/a><br>\n<strong>Contact g\u00e9n\u00e9ral :<\/strong> <a href=\"mailto:hello@1pmdaily.com\">hello@1pmdaily.com<\/a><\/p>\n\n<p><strong>Adresse postale:<\/strong><br>\n1PM Daily Media LLC<br>\nBo\u00eete postale 1934<br>\nCambridge, MA 02139<br>\n\u00c9tats-Unis\n<\/p>","protected":false},"excerpt":{"rendered":"<p>Date d&#039;entr\u00e9e en vigueur : 24 mars 2026. La pr\u00e9sente Politique de confidentialit\u00e9 explique comment 1PM Daily (\u201c 1PM Daily \u201d, \u201c nous \u201d, \u201c notre \u201d) collecte, utilise et partage vos informations lorsque vous consultez le site https:\/\/www.1pmdaily.com\/ (le \u201c Site \u201d). 1PM Daily est un site d&#039;actualit\u00e9s en acc\u00e8s libre\u2026 <a title=\"politique de confidentialit\u00e9\" class=\"read-more\" href=\"https:\/\/www.1pmdaily.com\/fr\/privacy-policy\" aria-label=\"Pour en savoir plus sur notre politique de confidentialit\u00e9, cliquez ici.\">En savoir plus<\/a><\/p>","protected":false},"author":1,"featured_media":0,"parent":0,"menu_order":0,"comment_status":"closed","ping_status":"closed","template":"","meta":{"footnotes":""},"class_list":{"0":"post-1382","1":"page","2":"type-page","3":"status-publish","5":"infinite-scroll-item"},"yoast_head":"<!-- This site is optimized with the Yoast SEO Premium plugin v27.1 (Yoast SEO v27.1.1) - https:\/\/yoast.com\/product\/yoast-seo-premium-wordpress\/ -->\n<title>Privacy Policy - 1pmdaily.com<\/title>\n<meta name=\"robots\" content=\"index, follow, max-snippet:-1, max-image-preview:large, max-video-preview:-1\" \/>\n<link rel=\"canonical\" href=\"https:\/\/www.1pmdaily.com\/fr\/privacy-policy\/\" \/>\n<meta property=\"og:locale\" content=\"fr_CA\" \/>\n<meta property=\"og:type\" content=\"article\" \/>\n<meta property=\"og:title\" content=\"Privacy Policy\" \/>\n<meta property=\"og:description\" content=\"Effective date: March 24, 2026 This Privacy Policy explains how 1PM Daily (\u201c1PM Daily,\u201d \u201cwe,\u201d \u201cus,\u201d or \u201cour\u201d) collects, uses, and shares information when you visit https:\/\/www.1pmdaily.com\/ (the \u201cSite\u201d). 1PM Daily is a free-access news ... Read more\" \/>\n<meta property=\"og:url\" content=\"https:\/\/www.1pmdaily.com\/fr\/privacy-policy\/\" \/>\n<meta property=\"og:site_name\" content=\"1pmdaily.com\" \/>\n<meta property=\"article:modified_time\" content=\"2026-03-24T12:39:04+00:00\" \/>\n<meta property=\"og:image\" content=\"https:\/\/www.1pmdaily.com\/wp-content\/uploads\/2026\/03\/erika-fletcher-MZxqc6n9qCw-unsplash.jpg\" \/>\n\t<meta property=\"og:image:width\" content=\"1920\" \/>\n\t<meta property=\"og:image:height\" content=\"1282\" \/>\n\t<meta property=\"og:image:type\" content=\"image\/jpeg\" \/>\n<meta name=\"twitter:card\" content=\"summary_large_image\" \/>\n<meta name=\"twitter:label1\" content=\"Estimation du temps de lecture\" \/>\n\t<meta name=\"twitter:data1\" content=\"5 minutes\" \/>\n<script type=\"application\/ld+json\" class=\"yoast-schema-graph\">{\"@context\":\"https:\/\/schema.org\",\"@graph\":[{\"@type\":\"WebPage\",\"@id\":\"https:\/\/www.1pmdaily.com\/privacy-policy\",\"url\":\"https:\/\/www.1pmdaily.com\/privacy-policy\",\"name\":\"Privacy Policy - 1pmdaily.com\",\"isPartOf\":{\"@id\":\"https:\/\/www.1pmdaily.com\/#website\"},\"datePublished\":\"2026-03-24T12:06:35+00:00\",\"dateModified\":\"2026-03-24T12:39:04+00:00\",\"breadcrumb\":{\"@id\":\"https:\/\/www.1pmdaily.com\/privacy-policy#breadcrumb\"},\"inLanguage\":\"fr-CA\",\"potentialAction\":[{\"@type\":\"ReadAction\",\"target\":[\"https:\/\/www.1pmdaily.com\/privacy-policy\"]}]},{\"@type\":\"BreadcrumbList\",\"@id\":\"https:\/\/www.1pmdaily.com\/privacy-policy#breadcrumb\",\"itemListElement\":[{\"@type\":\"ListItem\",\"position\":1,\"name\":\"Home\",\"item\":\"https:\/\/www.1pmdaily.com\/\"},{\"@type\":\"ListItem\",\"position\":2,\"name\":\"Privacy Policy\"}]},{\"@type\":\"WebSite\",\"@id\":\"https:\/\/www.1pmdaily.com\/#website\",\"url\":\"https:\/\/www.1pmdaily.com\/\",\"name\":\"1pmdaily.com\",\"description\":\"Daily dose of premed info, only at 1 pm.\",\"publisher\":{\"@id\":\"https:\/\/www.1pmdaily.com\/#organization\"},\"potentialAction\":[{\"@type\":\"SearchAction\",\"target\":{\"@type\":\"EntryPoint\",\"urlTemplate\":\"https:\/\/www.1pmdaily.com\/?s={search_term_string}\"},\"query-input\":{\"@type\":\"PropertyValueSpecification\",\"valueRequired\":true,\"valueName\":\"search_term_string\"}}],\"inLanguage\":\"fr-CA\"},{\"@type\":\"Organization\",\"@id\":\"https:\/\/www.1pmdaily.com\/#organization\",\"name\":\"1pmdaily.com\",\"url\":\"https:\/\/www.1pmdaily.com\/\",\"logo\":{\"@type\":\"ImageObject\",\"inLanguage\":\"fr-CA\",\"@id\":\"https:\/\/www.1pmdaily.com\/#\/schema\/logo\/image\/\",\"url\":\"https:\/\/www.1pmdaily.com\/wp-content\/uploads\/2026\/03\/cropped-1pm-2.png\",\"contentUrl\":\"https:\/\/www.1pmdaily.com\/wp-content\/uploads\/2026\/03\/cropped-1pm-2.png\",\"width\":512,\"height\":512,\"caption\":\"1pmdaily.com\"},\"image\":{\"@id\":\"https:\/\/www.1pmdaily.com\/#\/schema\/logo\/image\/\"},\"description\":\"1PM Daily is an independent digital news publication focused on pre-medical education, medical school admissions policy, and science learning resources. We provide timely reporting, analysis, and educational content to help pre-med students navigate admissions processes, standardized testing updates, and academic preparation in biology and chemistry. Our editorial approach emphasizes accuracy, clarity, and accessibility, with content designed to support students across North America.\",\"email\":\"hello@1pmdaily.com\",\"telephone\":\"+1 (617) 555-4821\",\"legalName\":\"1PM Daily Media LLC\",\"foundingDate\":\"2024-09-01\",\"numberOfEmployees\":{\"@type\":\"QuantitativeValue\",\"minValue\":\"11\",\"maxValue\":\"50\"},\"publishingPrinciples\":\"https:\/\/www.1pmdaily.com\/about\",\"ownershipFundingInfo\":\"https:\/\/www.1pmdaily.com\/about\",\"actionableFeedbackPolicy\":\"https:\/\/www.1pmdaily.com\/about\",\"correctionsPolicy\":\"https:\/\/www.1pmdaily.com\/about\",\"ethicsPolicy\":\"https:\/\/www.1pmdaily.com\/about\",\"diversityPolicy\":\"https:\/\/www.1pmdaily.com\/about\",\"diversityStaffingReport\":\"https:\/\/www.1pmdaily.com\/about\"}]}<\/script>\n<!-- \/ Yoast SEO Premium plugin. -->","yoast_head_json":{"title":"Politique de confidentialit\u00e9 - 1pmdaily.com","robots":{"index":"index","follow":"follow","max-snippet":"max-snippet:-1","max-image-preview":"max-image-preview:large","max-video-preview":"max-video-preview:-1"},"canonical":"https:\/\/www.1pmdaily.com\/fr\/privacy-policy\/","og_locale":"fr_CA","og_type":"article","og_title":"Privacy Policy","og_description":"Effective date: March 24, 2026 This Privacy Policy explains how 1PM Daily (\u201c1PM Daily,\u201d \u201cwe,\u201d \u201cus,\u201d or \u201cour\u201d) collects, uses, and shares information when you visit https:\/\/www.1pmdaily.com\/ (the \u201cSite\u201d). 1PM Daily is a free-access news ... Read more","og_url":"https:\/\/www.1pmdaily.com\/fr\/privacy-policy\/","og_site_name":"1pmdaily.com","article_modified_time":"2026-03-24T12:39:04+00:00","og_image":[{"width":1920,"height":1282,"url":"https:\/\/www.1pmdaily.com\/wp-content\/uploads\/2026\/03\/erika-fletcher-MZxqc6n9qCw-unsplash.jpg","type":"image\/jpeg"}],"twitter_card":"summary_large_image","twitter_misc":{"Estimation du temps de lecture":"5 minutes"},"schema":{"@context":"https:\/\/schema.org","@graph":[{"@type":"WebPage","@id":"https:\/\/www.1pmdaily.com\/privacy-policy","url":"https:\/\/www.1pmdaily.com\/privacy-policy","name":"Politique de confidentialit\u00e9 - 1pmdaily.com","isPartOf":{"@id":"https:\/\/www.1pmdaily.com\/#website"},"datePublished":"2026-03-24T12:06:35+00:00","dateModified":"2026-03-24T12:39:04+00:00","breadcrumb":{"@id":"https:\/\/www.1pmdaily.com\/privacy-policy#breadcrumb"},"inLanguage":"fr-CA","potentialAction":[{"@type":"ReadAction","target":["https:\/\/www.1pmdaily.com\/privacy-policy"]}]},{"@type":"BreadcrumbList","@id":"https:\/\/www.1pmdaily.com\/privacy-policy#breadcrumb","itemListElement":[{"@type":"ListItem","position":1,"name":"Home","item":"https:\/\/www.1pmdaily.com\/"},{"@type":"ListItem","position":2,"name":"Privacy Policy"}]},{"@type":"WebSite","@id":"https:\/\/www.1pmdaily.com\/#website","url":"https:\/\/www.1pmdaily.com\/","name":"1pmdaily.com","description":"Dose quotidienne d\u2019infos pr\u00e9-med, uniquement \u00e0 13 h.","publisher":{"@id":"https:\/\/www.1pmdaily.com\/#organization"},"potentialAction":[{"@type":"SearchAction","target":{"@type":"EntryPoint","urlTemplate":"https:\/\/www.1pmdaily.com\/?s={search_term_string}"},"query-input":{"@type":"PropertyValueSpecification","valueRequired":true,"valueName":"search_term_string"}}],"inLanguage":"fr-CA"},{"@type":"Organization","@id":"https:\/\/www.1pmdaily.com\/#organization","name":"1pmdaily.com","url":"https:\/\/www.1pmdaily.com\/","logo":{"@type":"ImageObject","inLanguage":"fr-CA","@id":"https:\/\/www.1pmdaily.com\/#\/schema\/logo\/image\/","url":"https:\/\/www.1pmdaily.com\/wp-content\/uploads\/2026\/03\/cropped-1pm-2.png","contentUrl":"https:\/\/www.1pmdaily.com\/wp-content\/uploads\/2026\/03\/cropped-1pm-2.png","width":512,"height":512,"caption":"1pmdaily.com"},"image":{"@id":"https:\/\/www.1pmdaily.com\/#\/schema\/logo\/image\/"},"description":"1PM Daily est un m\u00e9dia num\u00e9rique ind\u00e9pendant sp\u00e9cialis\u00e9 dans les \u00e9tudes pr\u00e9-m\u00e9dicales, les politiques d&#039;admission en facult\u00e9 de m\u00e9decine et les ressources p\u00e9dagogiques en sciences. Nous proposons des reportages, des analyses et des contenus \u00e9ducatifs actualis\u00e9s pour accompagner les \u00e9tudiants en pr\u00e9-m\u00e9decine dans leurs d\u00e9marches d&#039;admission, les mises \u00e0 jour des tests standardis\u00e9s et leur pr\u00e9paration acad\u00e9mique en biologie et en chimie. Notre ligne \u00e9ditoriale privil\u00e9gie l&#039;exactitude, la clart\u00e9 et l&#039;accessibilit\u00e9, avec un contenu con\u00e7u pour soutenir les \u00e9tudiants de toute l&#039;Am\u00e9rique du Nord.","email":"hello@1pmdaily.com","telephone":"+1 (617) 555-4821","legalName":"1PM Daily Media LLC","foundingDate":"2024-09-01","numberOfEmployees":{"@type":"QuantitativeValue","minValue":"11","maxValue":"50"},"publishingPrinciples":"https:\/\/www.1pmdaily.com\/about","ownershipFundingInfo":"https:\/\/www.1pmdaily.com\/about","actionableFeedbackPolicy":"https:\/\/www.1pmdaily.com\/about","correctionsPolicy":"https:\/\/www.1pmdaily.com\/about","ethicsPolicy":"https:\/\/www.1pmdaily.com\/about","diversityPolicy":"https:\/\/www.1pmdaily.com\/about","diversityStaffingReport":"https:\/\/www.1pmdaily.com\/about"}]}},"_links":{"self":[{"href":"https:\/\/www.1pmdaily.com\/fr\/wp-json\/wp\/v2\/pages\/1382","targetHints":{"allow":["GET"]}}],"collection":[{"href":"https:\/\/www.1pmdaily.com\/fr\/wp-json\/wp\/v2\/pages"}],"about":[{"href":"https:\/\/www.1pmdaily.com\/fr\/wp-json\/wp\/v2\/types\/page"}],"author":[{"embeddable":true,"href":"https:\/\/www.1pmdaily.com\/fr\/wp-json\/wp\/v2\/users\/1"}],"replies":[{"embeddable":true,"href":"https:\/\/www.1pmdaily.com\/fr\/wp-json\/wp\/v2\/comments?post=1382"}],"version-history":[{"count":2,"href":"https:\/\/www.1pmdaily.com\/fr\/wp-json\/wp\/v2\/pages\/1382\/revisions"}],"predecessor-version":[{"id":1384,"href":"https:\/\/www.1pmdaily.com\/fr\/wp-json\/wp\/v2\/pages\/1382\/revisions\/1384"}],"wp:attachment":[{"href":"https:\/\/www.1pmdaily.com\/fr\/wp-json\/wp\/v2\/media?parent=1382"}],"curies":[{"name":"wp","href":"https:\/\/api.w.org\/{rel}","templated":true}]}}