{"id":1382,"date":"2026-03-24T12:06:35","date_gmt":"2026-03-24T12:06:35","guid":{"rendered":"https:\/\/www.1pmdaily.com\/?page_id=1382"},"modified":"2026-03-24T12:39:04","modified_gmt":"2026-03-24T12:39:04","slug":"privacy-policy","status":"publish","type":"page","link":"https:\/\/www.1pmdaily.com\/pt\/privacy-policy","title":{"rendered":"pol\u00edtica de Privacidade"},"content":{"rendered":"<p><strong>Data de entrada em vigor:<\/strong> 24 de mar\u00e7o de 2026<\/p>\n\n<p>Esta Pol\u00edtica de Privacidade explica como <strong>13h diariamente<\/strong> (\u201c1PM Daily\u201d, \u201cn\u00f3s\u201d, \u201cnos\u201d ou \u201cnossos\u201d) coleta, usa e compartilha informa\u00e7\u00f5es quando voc\u00ea visita <a href=\"https:\/\/www.1pmdaily.com\/pt\/\">https:\/\/www.1pmdaily.com\/<\/a> (o \u201cSite\u201d).<\/p>\n\n<p>1PM Daily \u00e9 um site de not\u00edcias e educa\u00e7\u00e3o de acesso gratuito. N\u00e3o exigimos assinaturas pagas para ler nosso conte\u00fado, nem que os visitantes criem uma conta para navegar no site.<\/p>\n\n<h2 id=\"summary\"><span class=\"ez-toc-section\" id=\"Key_points_plain-English_summary\"><\/span>Pontos principais (resumo em linguagem simples)<span class=\"ez-toc-section-end\"><\/span><\/h2>\n<ul>\n  <li>N\u00e3o exigimos contas para ler nosso conte\u00fado e n\u00e3o coletamos informa\u00e7\u00f5es de pagamento ou cart\u00e3o de cr\u00e9dito no Site.<\/li>\n  <li>Coletamos automaticamente informa\u00e7\u00f5es limitadas (como dados do dispositivo e de uso) para operar o Site e entender como ele \u00e9 utilizado.<\/li>\n  <li>Utilizamos o Google Analytics para medir o desempenho do site e os padr\u00f5es de utiliza\u00e7\u00e3o.<\/li>\n  <li>Se voc\u00ea entrar em contato conosco por e-mail, receberemos as informa\u00e7\u00f5es que voc\u00ea nos enviar.<\/li>\n  <li>N\u00e3o coletamos intencionalmente informa\u00e7\u00f5es pessoais de crian\u00e7as menores de 13 anos.<\/li>\n<\/ul>\n\n<h2 id=\"information-we-collect\"><span class=\"ez-toc-section\" id=\"Information_we_collect\"><\/span>Informa\u00e7\u00f5es que coletamos<span class=\"ez-toc-section-end\"><\/span><\/h2>\n\n<h3 id=\"info-you-provide\"><span class=\"ez-toc-section\" id=\"Information_you_provide_to_us\"><\/span>Informa\u00e7\u00f5es que voc\u00ea nos fornece<span class=\"ez-toc-section-end\"><\/span><\/h3>\n<p>Voc\u00ea pode ler o Site sem criar uma conta. No entanto, voc\u00ea pode optar por nos fornecer informa\u00e7\u00f5es em situa\u00e7\u00f5es espec\u00edficas, como quando voc\u00ea:<\/p>\n<ul>\n  <li>Envie-nos um e-mail ou entre em contato conosco de outra forma (por exemplo, para solicitar uma corre\u00e7\u00e3o, relatar um problema t\u00e9cnico ou fazer uma pergunta).<\/li>\n  <li>Envie uma dica, documento ou pergunta para nossa reda\u00e7\u00e3o.<\/li>\n<\/ul>\n\n<p>Ao entrar em contato conosco, podemos receber as informa\u00e7\u00f5es que voc\u00ea inclui em sua mensagem (como seu endere\u00e7o de e-mail e o conte\u00fado da mensagem). Usamos essas informa\u00e7\u00f5es para responder e manter registros adequados das comunica\u00e7\u00f5es.<\/p>\n\n<h3 id=\"info-collected-automatically\"><span class=\"ez-toc-section\" id=\"Information_collected_automatically\"><\/span>Informa\u00e7\u00f5es coletadas automaticamente<span class=\"ez-toc-section-end\"><\/span><\/h3>\n<p>Ao visitar o Site, n\u00f3s (e nossos provedores de servi\u00e7os) podemos coletar automaticamente certas informa\u00e7\u00f5es sobre seu dispositivo e seu uso do Site, tais como:<\/p>\n<ul>\n  <li>Informa\u00e7\u00f5es sobre o dispositivo e o navegador (por exemplo, tipo de navegador, sistema operacional e identificadores gerais do dispositivo).<\/li>\n  <li>Localiza\u00e7\u00e3o aproximada inferida a partir de sinais t\u00e9cnicos (por exemplo, localiza\u00e7\u00e3o em n\u00edvel de pa\u00eds\/regi\u00e3o).<\/li>\n  <li>Informa\u00e7\u00f5es de utiliza\u00e7\u00e3o (por exemplo, p\u00e1ginas visualizadas, tempo gasto, p\u00e1ginas de refer\u00eancia\/sa\u00edda e intera\u00e7\u00f5es com o conte\u00fado do site).<\/li>\n  <li>Dados de registro coletados por servidores web e sistemas de seguran\u00e7a (por exemplo, endere\u00e7o IP, registros de data e hora das solicita\u00e7\u00f5es, URLs de refer\u00eancia e registros de erros).<\/li>\n<\/ul>\n\n<p>Usamos essas informa\u00e7\u00f5es para ajudar a manter o Site seguro, garantir seu funcionamento confi\u00e1vel e entender qual conte\u00fado \u00e9 \u00fatil para os leitores.<\/p>\n\n<h2 id=\"analytics\"><span class=\"ez-toc-section\" id=\"Analytics_Google_Analytics\"><\/span>An\u00e1lise (Google Analytics)<span class=\"ez-toc-section-end\"><\/span><\/h2>\n<p>N\u00f3s usamos <strong>Google Analytics<\/strong> Para entender como os visitantes usam o Site e medir seu desempenho, o Google Analytics nos ajuda a visualizar relat\u00f3rios agregados, como tend\u00eancias de tr\u00e1fego, popularidade das p\u00e1ginas e como os leitores navegam pelo conte\u00fado.<\/p>\n\n<p>O Google Analytics est\u00e1 implementado em nosso site usando o <strong>Site Kit do Google<\/strong> Plugin para WordPress.<\/p>\n\n<p>O Google Analytics utiliza cookies e tecnologias semelhantes para coletar informa\u00e7\u00f5es de uso e gerar relat\u00f3rios. N\u00e3o utilizamos o Google Analytics para coletar informa\u00e7\u00f5es de identifica\u00e7\u00e3o pessoal (como nomes, documentos de identidade ou dados de pagamento). Por favor, n\u00e3o nos envie informa\u00e7\u00f5es pessoais sens\u00edveis por meio de campos de texto abertos ou e-mail.<\/p>\n\n<p>Voc\u00ea pode aprender mais sobre como o Google Analytics coleta e processa dados consultando a documenta\u00e7\u00e3o e as pol\u00edticas do Google. Voc\u00ea tamb\u00e9m pode usar as configura\u00e7\u00f5es do navegador e as ferramentas dispon\u00edveis para limitar ou desativar a coleta de dados do Analytics.<\/p>\n\n<h2 id=\"how-we-use-information\"><span class=\"ez-toc-section\" id=\"How_we_use_information\"><\/span>Como utilizamos as informa\u00e7\u00f5es<span class=\"ez-toc-section-end\"><\/span><\/h2>\n<p>Utilizamos as informa\u00e7\u00f5es que coletamos para:<\/p>\n<ul>\n  <li>Fornecer e manter o Site e seu conte\u00fado.<\/li>\n  <li>Monitorar e melhorar o desempenho, a confiabilidade e a experi\u00eancia do usu\u00e1rio do site.<\/li>\n  <li>Proteger a seguran\u00e7a e a integridade do Site, detectar abusos e prevenir fraudes.<\/li>\n  <li>Responder a perguntas editoriais, de suporte e de privacidade.<\/li>\n  <li>Cumprir as obriga\u00e7\u00f5es legais e fazer cumprir as nossas pol\u00edticas.<\/li>\n<\/ul>\n\n<h2 id=\"how-we-share-information\"><span class=\"ez-toc-section\" id=\"How_we_share_information\"><\/span>Como compartilhamos informa\u00e7\u00f5es<span class=\"ez-toc-section-end\"><\/span><\/h2>\n<p>N\u00e3o vendemos informa\u00e7\u00f5es pessoais como modelo de neg\u00f3cio. Podemos compartilhar informa\u00e7\u00f5es em circunst\u00e2ncias limitadas, incluindo:<\/p>\n\n<ul>\n  <li><strong>Prestadores de servi\u00e7os:<\/strong> Utilizamos fornecedores para dar suporte ao Site (por exemplo, hospedagem de sites, servi\u00e7os de seguran\u00e7a e provedores de an\u00e1lise como o Google Analytics). Esses fornecedores processam informa\u00e7\u00f5es em nosso nome para prestar seus servi\u00e7os.<\/li>\n  <li><strong>Raz\u00f5es legais e de seguran\u00e7a:<\/strong> Podemos divulgar informa\u00e7\u00f5es se acreditarmos que seja necess\u00e1rio para cumprir a legisla\u00e7\u00e3o aplic\u00e1vel, responder a solicita\u00e7\u00f5es legais, proteger nossos direitos, proteger os usu\u00e1rios ou investigar fraudes ou problemas de seguran\u00e7a.<\/li>\n  <li><strong>Altera\u00e7\u00f5es nos neg\u00f3cios:<\/strong> Caso ocorra uma mudan\u00e7a corporativa (como reestrutura\u00e7\u00e3o, aquisi\u00e7\u00e3o ou transfer\u00eancia de ativos), as informa\u00e7\u00f5es poder\u00e3o ser transferidas como parte desse processo, sujeitas \u00e0 legisla\u00e7\u00e3o aplic\u00e1vel.<\/li>\n<\/ul>\n\n<h2 id=\"data-retention\"><span class=\"ez-toc-section\" id=\"Data_retention\"><\/span>Reten\u00e7\u00e3o de dados<span class=\"ez-toc-section-end\"><\/span><\/h2>\n<p>Conservamos as informa\u00e7\u00f5es apenas pelo tempo razoavelmente necess\u00e1rio para os fins descritos nesta Pol\u00edtica de Privacidade, incluindo seguran\u00e7a, necessidades operacionais e conformidade legal. Os per\u00edodos de reten\u00e7\u00e3o podem variar dependendo do tipo de dado e de onde ele \u00e9 armazenado (por exemplo, registros do servidor, comunica\u00e7\u00f5es por e-mail ou relat\u00f3rios anal\u00edticos).<\/p>\n\n<h2 id=\"your-choices\"><span class=\"ez-toc-section\" id=\"Your_choices\"><\/span>Suas op\u00e7\u00f5es<span class=\"ez-toc-section-end\"><\/span><\/h2>\n<p>Normalmente, voc\u00ea pode controlar a coleta de certos dados por meio das configura\u00e7\u00f5es do seu navegador ou dispositivo (por exemplo, bloqueando ou excluindo cookies, limitando os controles de rastreamento ou usando configura\u00e7\u00f5es de navegador focadas em privacidade). Voc\u00ea tamb\u00e9m pode optar por n\u00e3o nos contatar por e-mail, caso n\u00e3o queira compartilhar informa\u00e7\u00f5es diretamente conosco.<\/p>\n\n<h2 id=\"your-rights\"><span class=\"ez-toc-section\" id=\"Your_privacy_rights\"><\/span>Seus direitos de privacidade<span class=\"ez-toc-section-end\"><\/span><\/h2>\n<p>Dependendo de onde voc\u00ea mora, voc\u00ea pode ter direitos relacionados \u00e0s suas informa\u00e7\u00f5es pessoais, como o direito de solicitar acesso, corre\u00e7\u00e3o, exclus\u00e3o ou informa\u00e7\u00f5es sobre o processamento dos seus dados. Analisaremos e responderemos \u00e0s solicita\u00e7\u00f5es verificadas, conforme exigido pela legisla\u00e7\u00e3o aplic\u00e1vel.<\/p>\n\n<p>Para enviar uma solicita\u00e7\u00e3o de privacidade, entre em contato conosco em <a href=\"mailto:privacy@1pmdaily.com\">privacy@1pmdaily.com<\/a>.<\/p>\n\n<h2 id=\"third-party-links\"><span class=\"ez-toc-section\" id=\"Third-party_links_and_embedded_content\"><\/span>Links de terceiros e conte\u00fado incorporado<span class=\"ez-toc-section-end\"><\/span><\/h2>\n<p>O Site pode conter links para sites ou servi\u00e7os de terceiros (por exemplo, institui\u00e7\u00f5es de fontes prim\u00e1rias ou materiais de refer\u00eancia). Ao clicar em um link de terceiros, as pr\u00e1ticas de privacidade desse terceiro ser\u00e3o aplic\u00e1veis. Recomendamos que voc\u00ea revise as pol\u00edticas de privacidade de terceiros ao visitar sites externos.<\/p>\n\n<h2 id=\"advertising\"><span class=\"ez-toc-section\" id=\"Advertising_and_sponsored_content\"><\/span>Publicidade e conte\u00fado patrocinado<span class=\"ez-toc-section-end\"><\/span><\/h2>\n<p>Podemos exibir publicidade ou conte\u00fado patrocinado. Caso publiquemos conte\u00fado patrocinado ou pago, nosso objetivo \u00e9 identific\u00e1-lo claramente. Parceiros de publicidade terceirizados (se houver) podem coletar informa\u00e7\u00f5es relacionadas \u00e0 veicula\u00e7\u00e3o e mensura\u00e7\u00e3o de an\u00fancios.<\/p>\n\n<p>Para obter informa\u00e7\u00f5es sobre cookies e tecnologias semelhantes utilizadas no Site, consulte nossa Pol\u00edtica de Cookies: <a href=\"https:\/\/www.1pmdaily.com\/pt\/cookie-policy\/\">https:\/\/www.1pmdaily.com\/cookie-policy<\/a>.<\/p>\n\n<h2 id=\"security\"><span class=\"ez-toc-section\" id=\"Security\"><\/span>Seguran\u00e7a<span class=\"ez-toc-section-end\"><\/span><\/h2>\n<p>Implementamos medidas de seguran\u00e7a razo\u00e1veis, concebidas para proteger o Site e as informa\u00e7\u00f5es que processamos. Nenhum website pode garantir seguran\u00e7a absoluta, e voc\u00ea utiliza o Site por sua pr\u00f3pria conta e risco.<\/p>\n\n<h2 id=\"international\"><span class=\"ez-toc-section\" id=\"International_visitors\"><\/span>visitantes internacionais<span class=\"ez-toc-section-end\"><\/span><\/h2>\n<p>Se voc\u00ea acessar o Site de fora dos Estados Unidos, suas informa\u00e7\u00f5es poder\u00e3o ser processadas em jurisdi\u00e7\u00f5es que podem ter leis de prote\u00e7\u00e3o de dados diferentes das do seu local de resid\u00eancia. Adotamos medidas para proteger as informa\u00e7\u00f5es de acordo com esta Pol\u00edtica de Privacidade e a legisla\u00e7\u00e3o aplic\u00e1vel.<\/p>\n\n<h2 id=\"children\"><span class=\"ez-toc-section\" id=\"Childrens_privacy\"><\/span>Privacidade das crian\u00e7as<span class=\"ez-toc-section-end\"><\/span><\/h2>\n<p>Este site n\u00e3o se destina a crian\u00e7as menores de 13 anos e n\u00e3o coletamos intencionalmente informa\u00e7\u00f5es pessoais de crian\u00e7as menores de 13 anos. Se voc\u00ea acredita que uma crian\u00e7a menor de 13 anos nos forneceu informa\u00e7\u00f5es pessoais, entre em contato conosco para que possamos tomar as medidas cab\u00edveis.<\/p>\n\n<h2 id=\"changes\"><span class=\"ez-toc-section\" id=\"Changes_to_this_Privacy_Policy\"><\/span>Altera\u00e7\u00f5es a esta Pol\u00edtica de Privacidade<span class=\"ez-toc-section-end\"><\/span><\/h2>\n<p>Podemos atualizar esta Pol\u00edtica de Privacidade periodicamente. Quando isso acontecer, revisaremos a data de vig\u00eancia no topo desta p\u00e1gina. Se as altera\u00e7\u00f5es forem substanciais, poderemos tomar medidas adicionais para fornecer aviso pr\u00e9vio, conforme exigido por lei.<\/p>\n\n<h2 id=\"contact\"><span class=\"ez-toc-section\" id=\"Contact_us\"><\/span>Contate-nos<span class=\"ez-toc-section-end\"><\/span><\/h2>\n<p><strong>Contato para assuntos de privacidade:<\/strong> <a href=\"mailto:privacy@1pmdaily.com\">privacy@1pmdaily.com<\/a><br>\n<strong>Contato geral:<\/strong> <a href=\"mailto:hello@1pmdaily.com\">hello@1pmdaily.com<\/a><\/p>\n\n<p><strong>Endere\u00e7o para correspond\u00eancia:<\/strong><br>\n1PM Daily Media LLC<br>\nCaixa Postal 1934<br>\nCambridge, MA 02139<br>\nEstados Unidos\n<\/p>","protected":false},"excerpt":{"rendered":"<p>Data de vig\u00eancia: 24 de mar\u00e7o de 2026. Esta Pol\u00edtica de Privacidade explica como o 1PM Daily (\u201c1PM Daily\u201d, \u201cn\u00f3s\u201d, \u201cnos\u201d ou \u201cnosso\u201d) coleta, usa e compartilha informa\u00e7\u00f5es quando voc\u00ea visita https:\/\/www.1pmdaily.com\/ (o \u201cSite\u201d). O 1PM Daily \u00e9 um portal de not\u00edcias de acesso gratuito\u2026 <a title=\"pol\u00edtica de Privacidade\" class=\"read-more\" href=\"https:\/\/www.1pmdaily.com\/pt\/privacy-policy\" aria-label=\"Leia mais sobre a Pol\u00edtica de Privacidade.\">Leia mais<\/a><\/p>","protected":false},"author":1,"featured_media":0,"parent":0,"menu_order":0,"comment_status":"closed","ping_status":"closed","template":"","meta":{"footnotes":""},"class_list":{"0":"post-1382","1":"page","2":"type-page","3":"status-publish","5":"infinite-scroll-item"},"yoast_head":"<!-- This site is optimized with the Yoast SEO Premium plugin v27.1 (Yoast SEO v27.1.1) - https:\/\/yoast.com\/product\/yoast-seo-premium-wordpress\/ -->\n<title>Privacy Policy - 1pmdaily.com<\/title>\n<meta name=\"robots\" content=\"index, follow, max-snippet:-1, max-image-preview:large, max-video-preview:-1\" \/>\n<link rel=\"canonical\" href=\"https:\/\/www.1pmdaily.com\/pt\/privacy-policy\/\" \/>\n<meta property=\"og:locale\" content=\"pt_BR\" \/>\n<meta property=\"og:type\" content=\"article\" \/>\n<meta property=\"og:title\" content=\"Privacy Policy\" \/>\n<meta property=\"og:description\" content=\"Effective date: March 24, 2026 This Privacy Policy explains how 1PM Daily (\u201c1PM Daily,\u201d \u201cwe,\u201d \u201cus,\u201d or \u201cour\u201d) collects, uses, and shares information when you visit https:\/\/www.1pmdaily.com\/ (the \u201cSite\u201d). 1PM Daily is a free-access news ... Read more\" \/>\n<meta property=\"og:url\" content=\"https:\/\/www.1pmdaily.com\/pt\/privacy-policy\/\" \/>\n<meta property=\"og:site_name\" content=\"1pmdaily.com\" \/>\n<meta property=\"article:modified_time\" content=\"2026-03-24T12:39:04+00:00\" \/>\n<meta property=\"og:image\" content=\"https:\/\/www.1pmdaily.com\/wp-content\/uploads\/2026\/03\/erika-fletcher-MZxqc6n9qCw-unsplash.jpg\" \/>\n\t<meta property=\"og:image:width\" content=\"1920\" \/>\n\t<meta property=\"og:image:height\" content=\"1282\" \/>\n\t<meta property=\"og:image:type\" content=\"image\/jpeg\" \/>\n<meta name=\"twitter:card\" content=\"summary_large_image\" \/>\n<meta name=\"twitter:label1\" content=\"Est. tempo de leitura\" \/>\n\t<meta name=\"twitter:data1\" content=\"5 minutos\" \/>\n<script type=\"application\/ld+json\" class=\"yoast-schema-graph\">{\"@context\":\"https:\/\/schema.org\",\"@graph\":[{\"@type\":\"WebPage\",\"@id\":\"https:\/\/www.1pmdaily.com\/privacy-policy\",\"url\":\"https:\/\/www.1pmdaily.com\/privacy-policy\",\"name\":\"Privacy Policy - 1pmdaily.com\",\"isPartOf\":{\"@id\":\"https:\/\/www.1pmdaily.com\/#website\"},\"datePublished\":\"2026-03-24T12:06:35+00:00\",\"dateModified\":\"2026-03-24T12:39:04+00:00\",\"breadcrumb\":{\"@id\":\"https:\/\/www.1pmdaily.com\/privacy-policy#breadcrumb\"},\"inLanguage\":\"pt-BR\",\"potentialAction\":[{\"@type\":\"ReadAction\",\"target\":[\"https:\/\/www.1pmdaily.com\/privacy-policy\"]}]},{\"@type\":\"BreadcrumbList\",\"@id\":\"https:\/\/www.1pmdaily.com\/privacy-policy#breadcrumb\",\"itemListElement\":[{\"@type\":\"ListItem\",\"position\":1,\"name\":\"Home\",\"item\":\"https:\/\/www.1pmdaily.com\/\"},{\"@type\":\"ListItem\",\"position\":2,\"name\":\"Privacy Policy\"}]},{\"@type\":\"WebSite\",\"@id\":\"https:\/\/www.1pmdaily.com\/#website\",\"url\":\"https:\/\/www.1pmdaily.com\/\",\"name\":\"1pmdaily.com\",\"description\":\"Daily dose of premed info, only at 1 pm.\",\"publisher\":{\"@id\":\"https:\/\/www.1pmdaily.com\/#organization\"},\"potentialAction\":[{\"@type\":\"SearchAction\",\"target\":{\"@type\":\"EntryPoint\",\"urlTemplate\":\"https:\/\/www.1pmdaily.com\/?s={search_term_string}\"},\"query-input\":{\"@type\":\"PropertyValueSpecification\",\"valueRequired\":true,\"valueName\":\"search_term_string\"}}],\"inLanguage\":\"pt-BR\"},{\"@type\":\"Organization\",\"@id\":\"https:\/\/www.1pmdaily.com\/#organization\",\"name\":\"1pmdaily.com\",\"url\":\"https:\/\/www.1pmdaily.com\/\",\"logo\":{\"@type\":\"ImageObject\",\"inLanguage\":\"pt-BR\",\"@id\":\"https:\/\/www.1pmdaily.com\/#\/schema\/logo\/image\/\",\"url\":\"https:\/\/www.1pmdaily.com\/wp-content\/uploads\/2026\/03\/cropped-1pm-2.png\",\"contentUrl\":\"https:\/\/www.1pmdaily.com\/wp-content\/uploads\/2026\/03\/cropped-1pm-2.png\",\"width\":512,\"height\":512,\"caption\":\"1pmdaily.com\"},\"image\":{\"@id\":\"https:\/\/www.1pmdaily.com\/#\/schema\/logo\/image\/\"},\"description\":\"1PM Daily is an independent digital news publication focused on pre-medical education, medical school admissions policy, and science learning resources. We provide timely reporting, analysis, and educational content to help pre-med students navigate admissions processes, standardized testing updates, and academic preparation in biology and chemistry. Our editorial approach emphasizes accuracy, clarity, and accessibility, with content designed to support students across North America.\",\"email\":\"hello@1pmdaily.com\",\"telephone\":\"+1 (617) 555-4821\",\"legalName\":\"1PM Daily Media LLC\",\"foundingDate\":\"2024-09-01\",\"numberOfEmployees\":{\"@type\":\"QuantitativeValue\",\"minValue\":\"11\",\"maxValue\":\"50\"},\"publishingPrinciples\":\"https:\/\/www.1pmdaily.com\/about\",\"ownershipFundingInfo\":\"https:\/\/www.1pmdaily.com\/about\",\"actionableFeedbackPolicy\":\"https:\/\/www.1pmdaily.com\/about\",\"correctionsPolicy\":\"https:\/\/www.1pmdaily.com\/about\",\"ethicsPolicy\":\"https:\/\/www.1pmdaily.com\/about\",\"diversityPolicy\":\"https:\/\/www.1pmdaily.com\/about\",\"diversityStaffingReport\":\"https:\/\/www.1pmdaily.com\/about\"}]}<\/script>\n<!-- \/ Yoast SEO Premium plugin. -->","yoast_head_json":{"title":"Pol\u00edtica de Privacidade - 1pmdaily.com","robots":{"index":"index","follow":"follow","max-snippet":"max-snippet:-1","max-image-preview":"max-image-preview:large","max-video-preview":"max-video-preview:-1"},"canonical":"https:\/\/www.1pmdaily.com\/pt\/privacy-policy\/","og_locale":"pt_BR","og_type":"article","og_title":"Privacy Policy","og_description":"Effective date: March 24, 2026 This Privacy Policy explains how 1PM Daily (\u201c1PM Daily,\u201d \u201cwe,\u201d \u201cus,\u201d or \u201cour\u201d) collects, uses, and shares information when you visit https:\/\/www.1pmdaily.com\/ (the \u201cSite\u201d). 1PM Daily is a free-access news ... Read more","og_url":"https:\/\/www.1pmdaily.com\/pt\/privacy-policy\/","og_site_name":"1pmdaily.com","article_modified_time":"2026-03-24T12:39:04+00:00","og_image":[{"width":1920,"height":1282,"url":"https:\/\/www.1pmdaily.com\/wp-content\/uploads\/2026\/03\/erika-fletcher-MZxqc6n9qCw-unsplash.jpg","type":"image\/jpeg"}],"twitter_card":"summary_large_image","twitter_misc":{"Est. tempo de leitura":"5 minutos"},"schema":{"@context":"https:\/\/schema.org","@graph":[{"@type":"WebPage","@id":"https:\/\/www.1pmdaily.com\/privacy-policy","url":"https:\/\/www.1pmdaily.com\/privacy-policy","name":"Pol\u00edtica de Privacidade - 1pmdaily.com","isPartOf":{"@id":"https:\/\/www.1pmdaily.com\/#website"},"datePublished":"2026-03-24T12:06:35+00:00","dateModified":"2026-03-24T12:39:04+00:00","breadcrumb":{"@id":"https:\/\/www.1pmdaily.com\/privacy-policy#breadcrumb"},"inLanguage":"pt-BR","potentialAction":[{"@type":"ReadAction","target":["https:\/\/www.1pmdaily.com\/privacy-policy"]}]},{"@type":"BreadcrumbList","@id":"https:\/\/www.1pmdaily.com\/privacy-policy#breadcrumb","itemListElement":[{"@type":"ListItem","position":1,"name":"Home","item":"https:\/\/www.1pmdaily.com\/"},{"@type":"ListItem","position":2,"name":"Privacy Policy"}]},{"@type":"WebSite","@id":"https:\/\/www.1pmdaily.com\/#website","url":"https:\/\/www.1pmdaily.com\/","name":"1pmdaily.com","description":"Dose di\u00e1ria de informa\u00e7\u00e3o premed, s\u00f3 \u00e0s 13h.","publisher":{"@id":"https:\/\/www.1pmdaily.com\/#organization"},"potentialAction":[{"@type":"SearchAction","target":{"@type":"EntryPoint","urlTemplate":"https:\/\/www.1pmdaily.com\/?s={search_term_string}"},"query-input":{"@type":"PropertyValueSpecification","valueRequired":true,"valueName":"search_term_string"}}],"inLanguage":"pt-BR"},{"@type":"Organization","@id":"https:\/\/www.1pmdaily.com\/#organization","name":"1pmdaily.com","url":"https:\/\/www.1pmdaily.com\/","logo":{"@type":"ImageObject","inLanguage":"pt-BR","@id":"https:\/\/www.1pmdaily.com\/#\/schema\/logo\/image\/","url":"https:\/\/www.1pmdaily.com\/wp-content\/uploads\/2026\/03\/cropped-1pm-2.png","contentUrl":"https:\/\/www.1pmdaily.com\/wp-content\/uploads\/2026\/03\/cropped-1pm-2.png","width":512,"height":512,"caption":"1pmdaily.com"},"image":{"@id":"https:\/\/www.1pmdaily.com\/#\/schema\/logo\/image\/"},"description":"O 1PM Daily \u00e9 uma publica\u00e7\u00e3o digital independente focada em educa\u00e7\u00e3o pr\u00e9-m\u00e9dica, pol\u00edticas de admiss\u00e3o em faculdades de medicina e recursos de aprendizagem em ci\u00eancias. Fornecemos reportagens, an\u00e1lises e conte\u00fado educacional oportunos para ajudar estudantes de pr\u00e9-medicina a navegar pelos processos de admiss\u00e3o, atualiza\u00e7\u00f5es sobre testes padronizados e prepara\u00e7\u00e3o acad\u00eamica em biologia e qu\u00edmica. Nossa abordagem editorial enfatiza precis\u00e3o, clareza e acessibilidade, com conte\u00fado desenvolvido para apoiar estudantes em toda a Am\u00e9rica do Norte.","email":"hello@1pmdaily.com","telephone":"+1 (617) 555-4821","legalName":"1PM Daily Media LLC","foundingDate":"2024-09-01","numberOfEmployees":{"@type":"QuantitativeValue","minValue":"11","maxValue":"50"},"publishingPrinciples":"https:\/\/www.1pmdaily.com\/about","ownershipFundingInfo":"https:\/\/www.1pmdaily.com\/about","actionableFeedbackPolicy":"https:\/\/www.1pmdaily.com\/about","correctionsPolicy":"https:\/\/www.1pmdaily.com\/about","ethicsPolicy":"https:\/\/www.1pmdaily.com\/about","diversityPolicy":"https:\/\/www.1pmdaily.com\/about","diversityStaffingReport":"https:\/\/www.1pmdaily.com\/about"}]}},"_links":{"self":[{"href":"https:\/\/www.1pmdaily.com\/pt\/wp-json\/wp\/v2\/pages\/1382","targetHints":{"allow":["GET"]}}],"collection":[{"href":"https:\/\/www.1pmdaily.com\/pt\/wp-json\/wp\/v2\/pages"}],"about":[{"href":"https:\/\/www.1pmdaily.com\/pt\/wp-json\/wp\/v2\/types\/page"}],"author":[{"embeddable":true,"href":"https:\/\/www.1pmdaily.com\/pt\/wp-json\/wp\/v2\/users\/1"}],"replies":[{"embeddable":true,"href":"https:\/\/www.1pmdaily.com\/pt\/wp-json\/wp\/v2\/comments?post=1382"}],"version-history":[{"count":2,"href":"https:\/\/www.1pmdaily.com\/pt\/wp-json\/wp\/v2\/pages\/1382\/revisions"}],"predecessor-version":[{"id":1384,"href":"https:\/\/www.1pmdaily.com\/pt\/wp-json\/wp\/v2\/pages\/1382\/revisions\/1384"}],"wp:attachment":[{"href":"https:\/\/www.1pmdaily.com\/pt\/wp-json\/wp\/v2\/media?parent=1382"}],"curies":[{"name":"wp","href":"https:\/\/api.w.org\/{rel}","templated":true}]}}