{"id":1382,"date":"2026-03-24T12:06:35","date_gmt":"2026-03-24T12:06:35","guid":{"rendered":"https:\/\/www.1pmdaily.com\/?page_id=1382"},"modified":"2026-03-24T12:39:04","modified_gmt":"2026-03-24T12:39:04","slug":"privacy-policy","status":"publish","type":"page","link":"https:\/\/www.1pmdaily.com\/tr\/privacy-policy","title":{"rendered":"Gizlilik Politikas\u0131"},"content":{"rendered":"<p><strong>Y\u00fcr\u00fcrl\u00fck tarihi:<\/strong> 24 Mart 2026<\/p>\n\n<p>Bu Gizlilik Politikas\u0131, nas\u0131l yap\u0131laca\u011f\u0131n\u0131 a\u00e7\u0131klamaktad\u0131r. <strong>Her g\u00fcn saat 13:00&#039;te<\/strong> (\u201c1PM Daily,\u201d \u201cbiz,\u201d \u201cbize\u201d veya \u201cbizim\u201d) siz ziyaret etti\u011finizde bilgi toplar, kullan\u0131r ve payla\u015f\u0131r. <a href=\"https:\/\/www.1pmdaily.com\/tr\/\">https:\/\/www.1pmdaily.com\/<\/a> (bundan b\u00f6yle \u201cSite\u201d olarak an\u0131lacakt\u0131r).<\/p>\n\n<p>1PM Daily, \u00fccretsiz eri\u015fimli bir haber ve e\u011fitim sitesidir. \u0130\u00e7eri\u011fimizi okumak i\u00e7in \u00fccretli abonelik gerekmemekte ve siteyi gezmek i\u00e7in ziyaret\u00e7ilerin hesap olu\u015fturmas\u0131 zorunlu de\u011fildir.<\/p>\n\n<h2 id=\"summary\"><span class=\"ez-toc-section\" id=\"Key_points_plain-English_summary\"><\/span>\u00d6nemli noktalar (basit bir dille \u00f6zet)<span class=\"ez-toc-section-end\"><\/span><\/h2>\n<ul>\n  <li>Sitemizdeki i\u00e7erikleri okumak i\u00e7in hesap olu\u015fturman\u0131za gerek yoktur ve sitede \u00f6deme veya kredi kart\u0131 bilgileri toplam\u0131yoruz.<\/li>\n  <li>Sitenin i\u015fleyi\u015fini sa\u011flamak ve nas\u0131l kullan\u0131ld\u0131\u011f\u0131n\u0131 anlamak i\u00e7in otomatik olarak s\u0131n\u0131rl\u0131 bilgiler (cihaz ve kullan\u0131m verileri gibi) topluyoruz.<\/li>\n  <li>Site performans\u0131n\u0131 ve kullan\u0131m kal\u0131plar\u0131n\u0131 \u00f6l\u00e7mek i\u00e7in Google Analytics kullan\u0131yoruz.<\/li>\n  <li>Bize e-posta yoluyla ula\u015f\u0131rsan\u0131z, bize g\u00f6nderdi\u011finiz bilgileri al\u0131r\u0131z.<\/li>\n  <li>13 ya\u015f\u0131n alt\u0131ndaki \u00e7ocuklardan bilerek ki\u015fisel bilgi toplam\u0131yoruz.<\/li>\n<\/ul>\n\n<h2 id=\"information-we-collect\"><span class=\"ez-toc-section\" id=\"Information_we_collect\"><\/span>Toplad\u0131\u011f\u0131m\u0131z bilgiler<span class=\"ez-toc-section-end\"><\/span><\/h2>\n\n<h3 id=\"info-you-provide\"><span class=\"ez-toc-section\" id=\"Information_you_provide_to_us\"><\/span>Bize sa\u011flad\u0131\u011f\u0131n\u0131z bilgiler<span class=\"ez-toc-section-end\"><\/span><\/h3>\n<p>Siteyi hesap olu\u015fturmadan da okuyabilirsiniz. Ancak, a\u015fa\u011f\u0131daki gibi s\u0131n\u0131rl\u0131 durumlarda bize bilgi vermeyi tercih edebilirsiniz:<\/p>\n<ul>\n  <li>Bize e-posta g\u00f6nderin veya ba\u015fka bir \u015fekilde ileti\u015fime ge\u00e7in (\u00f6rne\u011fin, bir d\u00fczeltme talep etmek, teknik bir sorun bildirmek veya bir soru sormak i\u00e7in).<\/li>\n  <li>Edit\u00f6r\u00fcm\u00fcze ihbar, belge veya soru g\u00f6nderebilirsiniz.<\/li>\n<\/ul>\n\n<p>Bizimle ileti\u015fime ge\u00e7ti\u011finizde, mesaj\u0131n\u0131zda yer alan bilgileri (e-posta adresiniz ve mesaj\u0131n\u0131z\u0131n i\u00e7eri\u011fi gibi) alabiliriz. Bu bilgileri size yan\u0131t vermek ve ileti\u015fim kay\u0131tlar\u0131n\u0131 uygun \u015fekilde tutmak i\u00e7in kullan\u0131r\u0131z.<\/p>\n\n<h3 id=\"info-collected-automatically\"><span class=\"ez-toc-section\" id=\"Information_collected_automatically\"><\/span>Otomatik olarak toplanan bilgiler<span class=\"ez-toc-section-end\"><\/span><\/h3>\n<p>Siteyi ziyaret etti\u011finizde, biz (ve hizmet sa\u011flay\u0131c\u0131lar\u0131m\u0131z) cihaz\u0131n\u0131z ve Siteyi kullan\u0131m\u0131n\u0131z hakk\u0131nda otomatik olarak belirli bilgiler toplayabiliriz, \u00f6rne\u011fin:<\/p>\n<ul>\n  <li>Cihaz ve taray\u0131c\u0131 bilgileri (\u00f6rne\u011fin, taray\u0131c\u0131 t\u00fcr\u00fc, i\u015fletim sistemi ve genel cihaz tan\u0131mlay\u0131c\u0131lar\u0131).<\/li>\n  <li>Teknik sinyallerden \u00e7\u0131kar\u0131lan yakla\u015f\u0131k konum (\u00f6rne\u011fin, \u00fclke\/b\u00f6lge d\u00fczeyindeki konum).<\/li>\n  <li>Kullan\u0131m bilgileri (\u00f6rne\u011fin, g\u00f6r\u00fcnt\u00fclenen sayfalar, sitede ge\u00e7irilen s\u00fcre, y\u00f6nlendiren\/\u00e7\u0131k\u0131\u015f sayfalar\u0131 ve site i\u00e7eri\u011fiyle etkile\u015fimler).<\/li>\n  <li>Web sunucular\u0131 ve g\u00fcvenlik sistemleri taraf\u0131ndan toplanan g\u00fcnl\u00fck verileri (\u00f6rne\u011fin, IP adresi, istek zaman damgalar\u0131, y\u00f6nlendirme URL&#039;leri ve hata g\u00fcnl\u00fckleri).<\/li>\n<\/ul>\n\n<p>Bu bilgileri, sitenin g\u00fcvenli\u011fini sa\u011flamak, g\u00fcvenilir bir \u015fekilde \u00e7al\u0131\u015fmas\u0131n\u0131 sa\u011flamak ve okuyucular i\u00e7in hangi i\u00e7eri\u011fin faydal\u0131 oldu\u011funu anlamak amac\u0131yla kullan\u0131yoruz.<\/p>\n\n<h2 id=\"analytics\"><span class=\"ez-toc-section\" id=\"Analytics_Google_Analytics\"><\/span>Analitik (Google Analytics)<span class=\"ez-toc-section-end\"><\/span><\/h2>\n<p>Biz kullan\u0131yoruz <strong>Google Analytics<\/strong> Ziyaret\u00e7ilerin siteyi nas\u0131l kulland\u0131\u011f\u0131n\u0131 anlamak ve site performans\u0131n\u0131 \u00f6l\u00e7mek i\u00e7in Google Analytics kullan\u0131yoruz. Google Analytics, trafik e\u011filimleri, sayfa pop\u00fclerli\u011fi ve okuyucular\u0131n i\u00e7eri\u011fe nas\u0131l g\u00f6z att\u0131\u011f\u0131 gibi toplu raporlamalar\u0131 g\u00f6rmemize yard\u0131mc\u0131 oluyor.<\/p>\n\n<p>Sitemizde Google Analytics, a\u015fa\u011f\u0131daki y\u00f6ntem kullan\u0131larak entegre edilmi\u015ftir. <strong>Google taraf\u0131ndan geli\u015ftirilen Site Kit<\/strong> WordPress i\u00e7in eklenti.<\/p>\n\n<p>Google Analytics, kullan\u0131m bilgilerini toplamak ve raporlar olu\u015fturmak i\u00e7in \u00e7erezler ve benzer teknolojiler kullan\u0131r. Google Analytics&#039;i ki\u015fisel olarak tan\u0131mlanabilir bilgileri (isimler, kimlik numaralar\u0131 veya \u00f6deme bilgileri gibi) toplamak i\u00e7in kullanm\u0131yoruz. L\u00fctfen hassas ki\u015fisel bilgilerinizi a\u00e7\u0131k metin alanlar\u0131 veya e-posta yoluyla bize g\u00f6ndermeyin.<\/p>\n\n<p>Google Analytics&#039;in verileri nas\u0131l toplad\u0131\u011f\u0131 ve i\u015fledi\u011fi hakk\u0131nda daha fazla bilgi edinmek i\u00e7in Google&#039;\u0131n belgelerini ve politikalar\u0131n\u0131 inceleyebilirsiniz. Ayr\u0131ca, taray\u0131c\u0131 ayarlar\u0131n\u0131 ve mevcut ara\u00e7lar\u0131 kullanarak Analytics \u00f6l\u00e7\u00fcm\u00fcn\u00fc s\u0131n\u0131rlayabilir veya devre d\u0131\u015f\u0131 b\u0131rakabilirsiniz.<\/p>\n\n<h2 id=\"how-we-use-information\"><span class=\"ez-toc-section\" id=\"How_we_use_information\"><\/span>Bilgileri nas\u0131l kullan\u0131yoruz?<span class=\"ez-toc-section-end\"><\/span><\/h2>\n<p>Toplad\u0131\u011f\u0131m\u0131z bilgileri \u015fu ama\u00e7larla kullan\u0131yoruz:<\/p>\n<ul>\n  <li>Siteyi ve i\u00e7eri\u011fini sa\u011flay\u0131n ve s\u00fcrd\u00fcr\u00fcn.<\/li>\n  <li>Site performans\u0131n\u0131, g\u00fcvenilirli\u011fini ve kullan\u0131c\u0131 deneyimini izleyin ve iyile\u015ftirin.<\/li>\n  <li>Sitenin g\u00fcvenli\u011fini ve b\u00fct\u00fcnl\u00fc\u011f\u00fcn\u00fc koruyun, k\u00f6t\u00fcye kullan\u0131m\u0131 tespit edin ve doland\u0131r\u0131c\u0131l\u0131\u011f\u0131 \u00f6nleyin.<\/li>\n  <li>Edit\u00f6rl\u00fck, destek ve gizlilikle ilgili sorulara yan\u0131t verin.<\/li>\n  <li>Yasal y\u00fck\u00fcml\u00fcl\u00fcklere uymak ve politikalar\u0131m\u0131z\u0131 uygulamak.<\/li>\n<\/ul>\n\n<h2 id=\"how-we-share-information\"><span class=\"ez-toc-section\" id=\"How_we_share_information\"><\/span>Bilgileri nas\u0131l payla\u015f\u0131yoruz?<span class=\"ez-toc-section-end\"><\/span><\/h2>\n<p>Ki\u015fisel bilgileri ticari bir model olarak satm\u0131yoruz. Ancak, a\u015fa\u011f\u0131dakiler de dahil olmak \u00fczere s\u0131n\u0131rl\u0131 durumlarda bilgi payla\u015f\u0131m\u0131 yapabiliriz:<\/p>\n\n<ul>\n  <li><strong>Hizmet sa\u011flay\u0131c\u0131lar:<\/strong> Siteyi desteklemek i\u00e7in tedarik\u00e7ilerden yararlan\u0131yoruz (\u00f6rne\u011fin, web sitesi bar\u0131nd\u0131rma, g\u00fcvenlik hizmetleri ve Google Analytics gibi analiz sa\u011flay\u0131c\u0131lar\u0131). Bu sa\u011flay\u0131c\u0131lar, hizmetlerini sunmak i\u00e7in bizim ad\u0131m\u0131za bilgileri i\u015fler.<\/li>\n  <li><strong>Yasal ve g\u00fcvenlik nedenleri:<\/strong> Y\u00fcr\u00fcrl\u00fckteki yasalara uymak, yasal taleplere yan\u0131t vermek, haklar\u0131m\u0131z\u0131 korumak, kullan\u0131c\u0131lar\u0131 korumak veya doland\u0131r\u0131c\u0131l\u0131k veya g\u00fcvenlik sorunlar\u0131n\u0131 ara\u015ft\u0131rmak i\u00e7in gerekli oldu\u011funa inand\u0131\u011f\u0131m\u0131z durumlarda bilgileri a\u00e7\u0131klayabiliriz.<\/li>\n  <li><strong>\u0130\u015f d\u00fcnyas\u0131ndaki de\u011fi\u015fiklikler:<\/strong> \u015eirketimizde kurumsal bir de\u011fi\u015fiklik (yeniden yap\u0131lanma, devralma veya varl\u0131k devri gibi) meydana gelirse, ilgili yasalara tabi olmak kayd\u0131yla, bu s\u00fcrecin bir par\u00e7as\u0131 olarak bilgiler aktar\u0131labilir.<\/li>\n<\/ul>\n\n<h2 id=\"data-retention\"><span class=\"ez-toc-section\" id=\"Data_retention\"><\/span>Veri saklama<span class=\"ez-toc-section-end\"><\/span><\/h2>\n<p>Bilgileri yaln\u0131zca bu Gizlilik Politikas\u0131&#039;nda a\u00e7\u0131klanan ama\u00e7lar i\u00e7in makul \u00f6l\u00e7\u00fcde gerekli oldu\u011fu s\u00fcrece saklar\u0131z; bu ama\u00e7lar aras\u0131nda g\u00fcvenlik, operasyonel ihtiya\u00e7lar ve yasal uyumluluk yer almaktad\u0131r. Saklama s\u00fcreleri, veri t\u00fcr\u00fcne ve sakland\u0131\u011f\u0131 yere (\u00f6rne\u011fin, sunucu g\u00fcnl\u00fckleri, e-posta ileti\u015fimleri veya analiz raporlamas\u0131) ba\u011fl\u0131 olarak de\u011fi\u015febilir.<\/p>\n\n<h2 id=\"your-choices\"><span class=\"ez-toc-section\" id=\"Your_choices\"><\/span>Se\u00e7enekleriniz<span class=\"ez-toc-section-end\"><\/span><\/h2>\n<p>Genellikle taray\u0131c\u0131n\u0131z veya cihaz ayarlar\u0131n\u0131z arac\u0131l\u0131\u011f\u0131yla belirli veri toplama i\u015flemlerini kontrol edebilirsiniz (\u00f6rne\u011fin, \u00e7erezleri engelleme veya silme, izleme kontrollerini s\u0131n\u0131rlama veya gizlilik odakl\u0131 taray\u0131c\u0131 ayarlar\u0131n\u0131 kullanma). Ayr\u0131ca, bilgileri do\u011frudan bizimle payla\u015fmak istemiyorsan\u0131z, e-posta yoluyla bizimle ileti\u015fime ge\u00e7memeyi de tercih edebilirsiniz.<\/p>\n\n<h2 id=\"your-rights\"><span class=\"ez-toc-section\" id=\"Your_privacy_rights\"><\/span>Gizlilik haklar\u0131n\u0131z<span class=\"ez-toc-section-end\"><\/span><\/h2>\n<p>Ya\u015fad\u0131\u011f\u0131n\u0131z yere ba\u011fl\u0131 olarak, ki\u015fisel bilgilerinizle ilgili haklar\u0131n\u0131z olabilir; \u00f6rne\u011fin, verilere eri\u015fim, d\u00fczeltme, silme veya verilerinizin i\u015flenmesi hakk\u0131nda bilgi talep etme hakk\u0131n\u0131z olabilir. Ge\u00e7erli yasalara uygun olarak, do\u011frulanm\u0131\u015f talepleri de\u011ferlendirecek ve yan\u0131tlayaca\u011f\u0131z.<\/p>\n\n<p>Gizlilik talebinde bulunmak i\u00e7in l\u00fctfen bizimle ileti\u015fime ge\u00e7in. <a href=\"mailto:privacy@1pmdaily.com\">privacy@1pmdaily.com<\/a>.<\/p>\n\n<h2 id=\"third-party-links\"><span class=\"ez-toc-section\" id=\"Third-party_links_and_embedded_content\"><\/span>\u00dc\u00e7\u00fcnc\u00fc taraf ba\u011flant\u0131lar\u0131 ve g\u00f6m\u00fcl\u00fc i\u00e7erik<span class=\"ez-toc-section-end\"><\/span><\/h2>\n<p>Bu site, \u00fc\u00e7\u00fcnc\u00fc taraf web sitelerine veya hizmetlerine (\u00f6rne\u011fin, birincil kaynak kurumlar veya referans materyalleri) ba\u011flant\u0131 verebilir. \u00dc\u00e7\u00fcnc\u00fc taraf bir ba\u011flant\u0131y\u0131 takip ederseniz, \u00fc\u00e7\u00fcnc\u00fc taraf\u0131n gizlilik uygulamalar\u0131 ge\u00e7erli olacakt\u0131r. Harici siteleri ziyaret ederken \u00fc\u00e7\u00fcnc\u00fc taraf gizlilik politikalar\u0131n\u0131 incelemenizi \u00f6neririz.<\/p>\n\n<h2 id=\"advertising\"><span class=\"ez-toc-section\" id=\"Advertising_and_sponsored_content\"><\/span>Reklam ve sponsorlu i\u00e7erik<span class=\"ez-toc-section-end\"><\/span><\/h2>\n<p>Sitemizde reklam veya sponsorlu i\u00e7erik g\u00f6sterebiliriz. Sponsorlu veya \u00fccretli i\u00e7erik yay\u0131nlarsak, bunu a\u00e7\u0131k\u00e7a belirtmeyi ama\u00e7l\u0131yoruz. \u00dc\u00e7\u00fcnc\u00fc taraf reklam ortaklar\u0131m\u0131z (varsa) reklam sunumu ve \u00f6l\u00e7\u00fcm\u00fcyle ilgili olarak bilgi toplayabilir.<\/p>\n\n<p>Sitede kullan\u0131lan \u00e7erezler ve benzer teknolojiler hakk\u0131nda bilgi i\u00e7in l\u00fctfen \u00c7erez Politikam\u0131za bak\u0131n: <a href=\"https:\/\/www.1pmdaily.com\/tr\/cookie-policy\/\">https:\/\/www.1pmdaily.com\/cookie-policy<\/a>.<\/p>\n\n<h2 id=\"security\"><span class=\"ez-toc-section\" id=\"Security\"><\/span>G\u00fcvenlik<span class=\"ez-toc-section-end\"><\/span><\/h2>\n<p>Sitemizi ve i\u015fledi\u011fimiz bilgileri korumak i\u00e7in makul g\u00fcvenlik \u00f6nlemleri uyguluyoruz. Hi\u00e7bir web sitesi mutlak g\u00fcvenlik garantisi veremez ve Siteyi kendi sorumlulu\u011funuzda kullan\u0131rs\u0131n\u0131z.<\/p>\n\n<h2 id=\"international\"><span class=\"ez-toc-section\" id=\"International_visitors\"><\/span>Uluslararas\u0131 ziyaret\u00e7iler<span class=\"ez-toc-section-end\"><\/span><\/h2>\n<p>Siteye Amerika Birle\u015fik Devletleri d\u0131\u015f\u0131ndan eri\u015fiyorsan\u0131z, bilgileriniz ikamet etti\u011finiz yerden farkl\u0131 veri koruma yasalar\u0131na sahip yarg\u0131 b\u00f6lgelerinde i\u015flenebilir. Bu Gizlilik Politikas\u0131 ve ge\u00e7erli yasalara uygun olarak bilgileri korumak i\u00e7in gerekli ad\u0131mlar\u0131 at\u0131yoruz.<\/p>\n\n<h2 id=\"children\"><span class=\"ez-toc-section\" id=\"Childrens_privacy\"><\/span>\u00c7ocuklar\u0131n mahremiyeti<span class=\"ez-toc-section-end\"><\/span><\/h2>\n<p>Bu site 13 ya\u015f\u0131n alt\u0131ndaki \u00e7ocuklara y\u00f6nelik de\u011fildir ve 13 ya\u015f\u0131n alt\u0131ndaki \u00e7ocuklardan bilerek ki\u015fisel bilgi toplam\u0131yoruz. E\u011fer 13 ya\u015f\u0131n alt\u0131ndaki bir \u00e7ocu\u011fun bize ki\u015fisel bilgi verdi\u011fine inan\u0131yorsan\u0131z, l\u00fctfen bizimle ileti\u015fime ge\u00e7in \u0924\u093e\u0915\u093f gerekli ad\u0131mlar\u0131 atabilelim.<\/p>\n\n<h2 id=\"changes\"><span class=\"ez-toc-section\" id=\"Changes_to_this_Privacy_Policy\"><\/span>Bu Gizlilik Politikas\u0131&#039;ndaki De\u011fi\u015fiklikler<span class=\"ez-toc-section-end\"><\/span><\/h2>\n<p>Bu Gizlilik Politikas\u0131n\u0131 zaman zaman g\u00fcncelleyebiliriz. G\u00fcncelleme yapt\u0131\u011f\u0131m\u0131zda, bu sayfan\u0131n \u00fcst k\u0131sm\u0131ndaki y\u00fcr\u00fcrl\u00fck tarihini de\u011fi\u015ftirece\u011fiz. De\u011fi\u015fiklikler \u00f6nemliyse, yasa gere\u011fi bildirimde bulunmak i\u00e7in ek ad\u0131mlar atabiliriz.<\/p>\n\n<h2 id=\"contact\"><span class=\"ez-toc-section\" id=\"Contact_us\"><\/span>Bize Ula\u015f\u0131n<span class=\"ez-toc-section-end\"><\/span><\/h2>\n<p><strong>Gizlilik ileti\u015fim bilgileri:<\/strong> <a href=\"mailto:privacy@1pmdaily.com\">privacy@1pmdaily.com<\/a><br>\n<strong>Genel ileti\u015fim:<\/strong> <a href=\"mailto:hello@1pmdaily.com\">hello@1pmdaily.com<\/a><\/p>\n\n<p><strong>Posta adresi:<\/strong><br>\n1PM Daily Media LLC<br>\nPosta Kutusu 1934<br>\nCambridge, MA 02139<br>\nAmerika Birle\u015fik Devletleri\n<\/p>","protected":false},"excerpt":{"rendered":"<p>Y\u00fcr\u00fcrl\u00fck tarihi: 24 Mart 2026 Bu Gizlilik Politikas\u0131, 1PM Daily&#039;nin (&quot;1PM Daily,&quot; &quot;biz,&quot; &quot;bize&quot; veya &quot;bizim&quot;) https:\/\/www.1pmdaily.com\/ (&quot;Site&quot;) adresini ziyaret etti\u011finizde bilgileri nas\u0131l toplad\u0131\u011f\u0131n\u0131, kulland\u0131\u011f\u0131n\u0131 ve payla\u015ft\u0131\u011f\u0131n\u0131 a\u00e7\u0131klamaktad\u0131r. 1PM Daily, \u00fccretsiz eri\u015fimli bir haber sitesidir\u2026 <a title=\"Gizlilik Politikas\u0131\" class=\"read-more\" href=\"https:\/\/www.1pmdaily.com\/tr\/privacy-policy\" aria-label=\"Gizlilik Politikas\u0131 hakk\u0131nda daha fazla bilgi edinin.\">Daha fazla bilgi edinin<\/a><\/p>","protected":false},"author":1,"featured_media":0,"parent":0,"menu_order":0,"comment_status":"closed","ping_status":"closed","template":"","meta":{"footnotes":""},"class_list":{"0":"post-1382","1":"page","2":"type-page","3":"status-publish","5":"infinite-scroll-item"},"yoast_head":"<!-- This site is optimized with the Yoast SEO Premium plugin v27.1 (Yoast SEO v27.1.1) - https:\/\/yoast.com\/product\/yoast-seo-premium-wordpress\/ -->\n<title>Privacy Policy - 1pmdaily.com<\/title>\n<meta name=\"robots\" content=\"index, follow, max-snippet:-1, max-image-preview:large, max-video-preview:-1\" \/>\n<link rel=\"canonical\" href=\"https:\/\/www.1pmdaily.com\/tr\/privacy-policy\/\" \/>\n<meta property=\"og:locale\" content=\"tr_TR\" \/>\n<meta property=\"og:type\" content=\"article\" \/>\n<meta property=\"og:title\" content=\"Privacy Policy\" \/>\n<meta property=\"og:description\" content=\"Effective date: March 24, 2026 This Privacy Policy explains how 1PM Daily (\u201c1PM Daily,\u201d \u201cwe,\u201d \u201cus,\u201d or \u201cour\u201d) collects, uses, and shares information when you visit https:\/\/www.1pmdaily.com\/ (the \u201cSite\u201d). 1PM Daily is a free-access news ... Read more\" \/>\n<meta property=\"og:url\" content=\"https:\/\/www.1pmdaily.com\/tr\/privacy-policy\/\" \/>\n<meta property=\"og:site_name\" content=\"1pmdaily.com\" \/>\n<meta property=\"article:modified_time\" content=\"2026-03-24T12:39:04+00:00\" \/>\n<meta property=\"og:image\" content=\"https:\/\/www.1pmdaily.com\/wp-content\/uploads\/2026\/03\/erika-fletcher-MZxqc6n9qCw-unsplash.jpg\" \/>\n\t<meta property=\"og:image:width\" content=\"1920\" \/>\n\t<meta property=\"og:image:height\" content=\"1282\" \/>\n\t<meta property=\"og:image:type\" content=\"image\/jpeg\" \/>\n<meta name=\"twitter:card\" content=\"summary_large_image\" \/>\n<meta name=\"twitter:label1\" content=\"Tahmini okuma s\u00fcresi\" \/>\n\t<meta name=\"twitter:data1\" content=\"5 dakika\" \/>\n<script type=\"application\/ld+json\" class=\"yoast-schema-graph\">{\"@context\":\"https:\/\/schema.org\",\"@graph\":[{\"@type\":\"WebPage\",\"@id\":\"https:\/\/www.1pmdaily.com\/privacy-policy\",\"url\":\"https:\/\/www.1pmdaily.com\/privacy-policy\",\"name\":\"Privacy Policy - 1pmdaily.com\",\"isPartOf\":{\"@id\":\"https:\/\/www.1pmdaily.com\/#website\"},\"datePublished\":\"2026-03-24T12:06:35+00:00\",\"dateModified\":\"2026-03-24T12:39:04+00:00\",\"breadcrumb\":{\"@id\":\"https:\/\/www.1pmdaily.com\/privacy-policy#breadcrumb\"},\"inLanguage\":\"tr\",\"potentialAction\":[{\"@type\":\"ReadAction\",\"target\":[\"https:\/\/www.1pmdaily.com\/privacy-policy\"]}]},{\"@type\":\"BreadcrumbList\",\"@id\":\"https:\/\/www.1pmdaily.com\/privacy-policy#breadcrumb\",\"itemListElement\":[{\"@type\":\"ListItem\",\"position\":1,\"name\":\"Home\",\"item\":\"https:\/\/www.1pmdaily.com\/\"},{\"@type\":\"ListItem\",\"position\":2,\"name\":\"Privacy Policy\"}]},{\"@type\":\"WebSite\",\"@id\":\"https:\/\/www.1pmdaily.com\/#website\",\"url\":\"https:\/\/www.1pmdaily.com\/\",\"name\":\"1pmdaily.com\",\"description\":\"Daily dose of premed info, only at 1 pm.\",\"publisher\":{\"@id\":\"https:\/\/www.1pmdaily.com\/#organization\"},\"potentialAction\":[{\"@type\":\"SearchAction\",\"target\":{\"@type\":\"EntryPoint\",\"urlTemplate\":\"https:\/\/www.1pmdaily.com\/?s={search_term_string}\"},\"query-input\":{\"@type\":\"PropertyValueSpecification\",\"valueRequired\":true,\"valueName\":\"search_term_string\"}}],\"inLanguage\":\"tr\"},{\"@type\":\"Organization\",\"@id\":\"https:\/\/www.1pmdaily.com\/#organization\",\"name\":\"1pmdaily.com\",\"url\":\"https:\/\/www.1pmdaily.com\/\",\"logo\":{\"@type\":\"ImageObject\",\"inLanguage\":\"tr\",\"@id\":\"https:\/\/www.1pmdaily.com\/#\/schema\/logo\/image\/\",\"url\":\"https:\/\/www.1pmdaily.com\/wp-content\/uploads\/2026\/03\/cropped-1pm-2.png\",\"contentUrl\":\"https:\/\/www.1pmdaily.com\/wp-content\/uploads\/2026\/03\/cropped-1pm-2.png\",\"width\":512,\"height\":512,\"caption\":\"1pmdaily.com\"},\"image\":{\"@id\":\"https:\/\/www.1pmdaily.com\/#\/schema\/logo\/image\/\"},\"description\":\"1PM Daily is an independent digital news publication focused on pre-medical education, medical school admissions policy, and science learning resources. We provide timely reporting, analysis, and educational content to help pre-med students navigate admissions processes, standardized testing updates, and academic preparation in biology and chemistry. Our editorial approach emphasizes accuracy, clarity, and accessibility, with content designed to support students across North America.\",\"email\":\"hello@1pmdaily.com\",\"telephone\":\"+1 (617) 555-4821\",\"legalName\":\"1PM Daily Media LLC\",\"foundingDate\":\"2024-09-01\",\"numberOfEmployees\":{\"@type\":\"QuantitativeValue\",\"minValue\":\"11\",\"maxValue\":\"50\"},\"publishingPrinciples\":\"https:\/\/www.1pmdaily.com\/about\",\"ownershipFundingInfo\":\"https:\/\/www.1pmdaily.com\/about\",\"actionableFeedbackPolicy\":\"https:\/\/www.1pmdaily.com\/about\",\"correctionsPolicy\":\"https:\/\/www.1pmdaily.com\/about\",\"ethicsPolicy\":\"https:\/\/www.1pmdaily.com\/about\",\"diversityPolicy\":\"https:\/\/www.1pmdaily.com\/about\",\"diversityStaffingReport\":\"https:\/\/www.1pmdaily.com\/about\"}]}<\/script>\n<!-- \/ Yoast SEO Premium plugin. -->","yoast_head_json":{"title":"Gizlilik Politikas\u0131 - 1pmdaily.com","robots":{"index":"index","follow":"follow","max-snippet":"max-snippet:-1","max-image-preview":"max-image-preview:large","max-video-preview":"max-video-preview:-1"},"canonical":"https:\/\/www.1pmdaily.com\/tr\/privacy-policy\/","og_locale":"tr_TR","og_type":"article","og_title":"Privacy Policy","og_description":"Effective date: March 24, 2026 This Privacy Policy explains how 1PM Daily (\u201c1PM Daily,\u201d \u201cwe,\u201d \u201cus,\u201d or \u201cour\u201d) collects, uses, and shares information when you visit https:\/\/www.1pmdaily.com\/ (the \u201cSite\u201d). 1PM Daily is a free-access news ... Read more","og_url":"https:\/\/www.1pmdaily.com\/tr\/privacy-policy\/","og_site_name":"1pmdaily.com","article_modified_time":"2026-03-24T12:39:04+00:00","og_image":[{"width":1920,"height":1282,"url":"https:\/\/www.1pmdaily.com\/wp-content\/uploads\/2026\/03\/erika-fletcher-MZxqc6n9qCw-unsplash.jpg","type":"image\/jpeg"}],"twitter_card":"summary_large_image","twitter_misc":{"Tahmini okuma s\u00fcresi":"5 dakika"},"schema":{"@context":"https:\/\/schema.org","@graph":[{"@type":"WebPage","@id":"https:\/\/www.1pmdaily.com\/privacy-policy","url":"https:\/\/www.1pmdaily.com\/privacy-policy","name":"Gizlilik Politikas\u0131 - 1pmdaily.com","isPartOf":{"@id":"https:\/\/www.1pmdaily.com\/#website"},"datePublished":"2026-03-24T12:06:35+00:00","dateModified":"2026-03-24T12:39:04+00:00","breadcrumb":{"@id":"https:\/\/www.1pmdaily.com\/privacy-policy#breadcrumb"},"inLanguage":"tr","potentialAction":[{"@type":"ReadAction","target":["https:\/\/www.1pmdaily.com\/privacy-policy"]}]},{"@type":"BreadcrumbList","@id":"https:\/\/www.1pmdaily.com\/privacy-policy#breadcrumb","itemListElement":[{"@type":"ListItem","position":1,"name":"Home","item":"https:\/\/www.1pmdaily.com\/"},{"@type":"ListItem","position":2,"name":"Privacy Policy"}]},{"@type":"WebSite","@id":"https:\/\/www.1pmdaily.com\/#website","url":"https:\/\/www.1pmdaily.com\/","name":"1pmdaily.com","description":"Her g\u00fcn bir doz pre-med bilgi, sadece 13.00\u2019te.","publisher":{"@id":"https:\/\/www.1pmdaily.com\/#organization"},"potentialAction":[{"@type":"SearchAction","target":{"@type":"EntryPoint","urlTemplate":"https:\/\/www.1pmdaily.com\/?s={search_term_string}"},"query-input":{"@type":"PropertyValueSpecification","valueRequired":true,"valueName":"search_term_string"}}],"inLanguage":"tr"},{"@type":"Organization","@id":"https:\/\/www.1pmdaily.com\/#organization","name":"1pmdaily.com","url":"https:\/\/www.1pmdaily.com\/","logo":{"@type":"ImageObject","inLanguage":"tr","@id":"https:\/\/www.1pmdaily.com\/#\/schema\/logo\/image\/","url":"https:\/\/www.1pmdaily.com\/wp-content\/uploads\/2026\/03\/cropped-1pm-2.png","contentUrl":"https:\/\/www.1pmdaily.com\/wp-content\/uploads\/2026\/03\/cropped-1pm-2.png","width":512,"height":512,"caption":"1pmdaily.com"},"image":{"@id":"https:\/\/www.1pmdaily.com\/#\/schema\/logo\/image\/"},"description":"1PM Daily, t\u0131p \u00f6ncesi e\u011fitim, t\u0131p fak\u00fcltesi kabul politikalar\u0131 ve bilim \u00f6\u011frenme kaynaklar\u0131na odaklanan ba\u011f\u0131ms\u0131z bir dijital haber yay\u0131n\u0131d\u0131r. T\u0131p \u00f6ncesi \u00f6\u011frencilerin kabul s\u00fcre\u00e7lerinde, standartla\u015ft\u0131r\u0131lm\u0131\u015f s\u0131nav g\u00fcncellemelerinde ve biyoloji ve kimya alanlar\u0131ndaki akademik haz\u0131rl\u0131klar\u0131nda yol g\u00f6stermek i\u00e7in g\u00fcncel haberler, analizler ve e\u011fitim i\u00e7erikleri sunuyoruz. Yay\u0131nc\u0131l\u0131k yakla\u015f\u0131m\u0131m\u0131z, Kuzey Amerika genelindeki \u00f6\u011frencileri desteklemek \u00fczere tasarlanm\u0131\u015f i\u00e7erikle do\u011fruluk, a\u00e7\u0131kl\u0131k ve eri\u015filebilirli\u011fi vurgulamaktad\u0131r.","email":"hello@1pmdaily.com","telephone":"+1 (617) 555-4821","legalName":"1PM Daily Media LLC","foundingDate":"2024-09-01","numberOfEmployees":{"@type":"QuantitativeValue","minValue":"11","maxValue":"50"},"publishingPrinciples":"https:\/\/www.1pmdaily.com\/about","ownershipFundingInfo":"https:\/\/www.1pmdaily.com\/about","actionableFeedbackPolicy":"https:\/\/www.1pmdaily.com\/about","correctionsPolicy":"https:\/\/www.1pmdaily.com\/about","ethicsPolicy":"https:\/\/www.1pmdaily.com\/about","diversityPolicy":"https:\/\/www.1pmdaily.com\/about","diversityStaffingReport":"https:\/\/www.1pmdaily.com\/about"}]}},"_links":{"self":[{"href":"https:\/\/www.1pmdaily.com\/tr\/wp-json\/wp\/v2\/pages\/1382","targetHints":{"allow":["GET"]}}],"collection":[{"href":"https:\/\/www.1pmdaily.com\/tr\/wp-json\/wp\/v2\/pages"}],"about":[{"href":"https:\/\/www.1pmdaily.com\/tr\/wp-json\/wp\/v2\/types\/page"}],"author":[{"embeddable":true,"href":"https:\/\/www.1pmdaily.com\/tr\/wp-json\/wp\/v2\/users\/1"}],"replies":[{"embeddable":true,"href":"https:\/\/www.1pmdaily.com\/tr\/wp-json\/wp\/v2\/comments?post=1382"}],"version-history":[{"count":2,"href":"https:\/\/www.1pmdaily.com\/tr\/wp-json\/wp\/v2\/pages\/1382\/revisions"}],"predecessor-version":[{"id":1384,"href":"https:\/\/www.1pmdaily.com\/tr\/wp-json\/wp\/v2\/pages\/1382\/revisions\/1384"}],"wp:attachment":[{"href":"https:\/\/www.1pmdaily.com\/tr\/wp-json\/wp\/v2\/media?parent=1382"}],"curies":[{"name":"wp","href":"https:\/\/api.w.org\/{rel}","templated":true}]}}